{"id":784,"date":"2024-10-29T11:44:33","date_gmt":"2024-10-29T11:44:33","guid":{"rendered":"https:\/\/cut-solutions.com\/Consulting\/?page_id=784"},"modified":"2024-11-14T10:25:30","modified_gmt":"2024-11-14T10:25:30","slug":"th-serie","status":"publish","type":"page","link":"https:\/\/cut-solutions.com\/Consulting\/faserlaser\/th-serie\/","title":{"rendered":"TH Serie"},"content":{"rendered":"\n<figure class=\"wp-block-video\"><video height=\"1080\" style=\"aspect-ratio: 1920 \/ 1080;\" width=\"1920\" autoplay controls loop poster=\"https:\/\/cut-solutions.com\/Consulting\/wp-content\/uploads\/2024\/10\/6020-3.png\" src=\"https:\/\/cut-solutions.com\/Consulting\/wp-content\/uploads\/2024\/10\/Aore-TH-Serie.mp4\"><\/video><\/figure>\n\n\n\n<div style=\"height:100px\" aria-hidden=\"true\" class=\"wp-block-spacer\"><\/div>\n\n\n\n<h2 class=\"wp-block-heading has-text-align-center\">Unsere L\u00f6sungen f\u00fcr eine schnelle und effiziente Rohrbearbeitung<\/h2>\n\n\n\n<h1 class=\"wp-block-heading has-text-align-center\">TH Serie<\/h1>\n\n\n\n<p class=\"has-text-align-center\">Runde und eckige Rohrbearbeitung mit Brachen weit erstem beweglichen Spannfutter<\/p>\n\n\n\n<div style=\"height:100px\" aria-hidden=\"true\" class=\"wp-block-spacer\"><\/div>\n\n\n\n<div class=\"nfd-container nfd-wb-call-to-action__cta-1 wp-block-group is-layout-constrained wp-block-group-is-layout-constrained\">\n<div class=\"wp-block-columns is-layout-flex wp-container-core-columns-is-layout-28232c24 wp-block-columns-is-layout-flex\">\n<div class=\"wp-block-column is-vertically-aligned-stretch is-layout-flow wp-block-column-is-layout-flow\">\n<div class=\"wp-block-group is-vertical is-content-justification-stretch is-layout-flex wp-container-core-group-is-layout-401b7a8a wp-block-group-is-layout-flex\" style=\"min-height:100%\">\n<figure class=\"wp-block-image size-large\"><img data-recalc-dims=\"1\" fetchpriority=\"high\" decoding=\"async\" width=\"1024\" height=\"576\" src=\"https:\/\/i0.wp.com\/cut-solutions.com\/Consulting\/wp-content\/uploads\/2024\/10\/6020-4.png?resize=1024%2C576&#038;ssl=1\" alt=\"\" class=\"wp-image-733\" srcset=\"https:\/\/i0.wp.com\/cut-solutions.com\/Consulting\/wp-content\/uploads\/2024\/10\/6020-4.png?resize=1024%2C576&amp;ssl=1 1024w, https:\/\/i0.wp.com\/cut-solutions.com\/Consulting\/wp-content\/uploads\/2024\/10\/6020-4.png?resize=300%2C169&amp;ssl=1 300w, https:\/\/i0.wp.com\/cut-solutions.com\/Consulting\/wp-content\/uploads\/2024\/10\/6020-4.png?resize=768%2C432&amp;ssl=1 768w, https:\/\/i0.wp.com\/cut-solutions.com\/Consulting\/wp-content\/uploads\/2024\/10\/6020-4.png?resize=1536%2C864&amp;ssl=1 1536w, https:\/\/i0.wp.com\/cut-solutions.com\/Consulting\/wp-content\/uploads\/2024\/10\/6020-4.png?resize=2048%2C1152&amp;ssl=1 2048w, https:\/\/i0.wp.com\/cut-solutions.com\/Consulting\/wp-content\/uploads\/2024\/10\/6020-4.png?resize=600%2C338&amp;ssl=1 600w, https:\/\/i0.wp.com\/cut-solutions.com\/Consulting\/wp-content\/uploads\/2024\/10\/6020-4.png?w=3000&amp;ssl=1 3000w\" sizes=\"(max-width: 1000px) 100vw, 1000px\" \/><\/figure>\n<\/div>\n<\/div>\n\n\n\n<div class=\"wp-block-column is-vertically-aligned-stretch is-layout-flow wp-block-column-is-layout-flow\">\n<div class=\"nfd-gap-md nfd-p-card-square-lg is-style-nfd-theme-darker wp-block-group nfd-bg-effect-grid-3 is-vertical is-layout-flex wp-container-core-group-is-layout-d6b9ab57 wp-block-group-is-layout-flex\" style=\"min-height:100%\">\n<div class=\"wp-block-group is-nowrap is-layout-flex wp-container-core-group-is-layout-6c531013 wp-block-group-is-layout-flex\">\n<div class=\"nfd-shadow-xs nfd-rounded-full is-style-nfd-theme-dark wp-block-group is-layout-constrained wp-container-core-group-is-layout-c4486197 wp-block-group-is-layout-constrained\" style=\"padding-top:6px;padding-right:16px;padding-bottom:6px;padding-left:16px\">\n<p class=\"nfd-text-xs\" style=\"font-style:normal;font-weight:600;text-transform:uppercase\">AORE GROUP<\/p>\n<\/div>\n<\/div>\n\n\n\n<p class=\"\">F\u00fcr die Bearbeitung von Rohren<br>6,0m<\/p>\n\n\n\n<h2 class=\"nfd-text-xl nfd-text-contrast nfd-text-balance wp-block-heading has-text-align-left\">TH6020<\/h2>\n\n\n\n<p class=\"nfd-text-faded nfd-text-base nfd-text-balance has-text-align-left\">Max. Rohrl\u00e4nge 6300m<br>Laserleistung 1.500W-3.000W<br>Positioniergenauigkeit +\/-0,03mm<br>Max. Schnittgeschwindigkeit 110m\/min<\/p>\n\n\n\n<div style=\"height:0px\" aria-hidden=\"true\" class=\"wp-block-spacer wp-container-content-7d115344\"><\/div>\n\n\n\n<div class=\"wp-block-buttons is-layout-flex wp-container-core-buttons-is-layout-ea8b11be wp-block-buttons-is-layout-flex\">\n<div class=\"nfd-btn-wide is-style-fill wp-block-button\"><a class=\"wp-block-button__link wp-element-button\">Mehr Informationen<\/a><\/div>\n<\/div>\n<\/div>\n<\/div>\n<\/div>\n<\/div>\n\n\n\n<div style=\"height:100px\" aria-hidden=\"true\" class=\"wp-block-spacer\"><\/div>\n\n\n\n<hr class=\"wp-block-separator alignfull has-alpha-channel-opacity\"\/>\n\n\n\n<h1 class=\"wp-block-heading has-text-align-center\">Vorteile der TH Serie:<\/h1>\n\n\n\n<p class=\"has-text-align-center\">Branchen weit erstes Spannfutterdesign mit Frontbewegung &amp; Intelligentes F\u00fctterungssystem f\u00fcr effektive und schnelle Bearbeitung<\/p>\n\n\n\n<div style=\"height:60px\" aria-hidden=\"true\" class=\"wp-block-spacer\"><\/div>\n\n\n\n<figure class=\"wp-block-gallery has-nested-images columns-default is-cropped wp-block-gallery-1 is-layout-flex wp-block-gallery-is-layout-flex\">\n<figure class=\"wp-block-image aligncenter size-large\"><img data-recalc-dims=\"1\" decoding=\"async\" width=\"1024\" height=\"583\" data-id=\"795\" src=\"https:\/\/i0.wp.com\/cut-solutions.com\/Consulting\/wp-content\/uploads\/2024\/10\/Spannfutter-Laserkopf-TH-Serie.jpg?resize=1024%2C583&#038;ssl=1\" alt=\"\" class=\"wp-image-795\" srcset=\"https:\/\/i0.wp.com\/cut-solutions.com\/Consulting\/wp-content\/uploads\/2024\/10\/Spannfutter-Laserkopf-TH-Serie.jpg?resize=1024%2C583&amp;ssl=1 1024w, https:\/\/i0.wp.com\/cut-solutions.com\/Consulting\/wp-content\/uploads\/2024\/10\/Spannfutter-Laserkopf-TH-Serie.jpg?resize=300%2C171&amp;ssl=1 300w, https:\/\/i0.wp.com\/cut-solutions.com\/Consulting\/wp-content\/uploads\/2024\/10\/Spannfutter-Laserkopf-TH-Serie.jpg?resize=768%2C437&amp;ssl=1 768w, https:\/\/i0.wp.com\/cut-solutions.com\/Consulting\/wp-content\/uploads\/2024\/10\/Spannfutter-Laserkopf-TH-Serie.jpg?resize=600%2C342&amp;ssl=1 600w, https:\/\/i0.wp.com\/cut-solutions.com\/Consulting\/wp-content\/uploads\/2024\/10\/Spannfutter-Laserkopf-TH-Serie.jpg?w=1444&amp;ssl=1 1444w\" sizes=\"(max-width: 1000px) 100vw, 1000px\" \/><\/figure>\n\n\n\n<figure class=\"wp-block-image size-large\"><img data-recalc-dims=\"1\" decoding=\"async\" width=\"1024\" height=\"583\" data-id=\"796\" src=\"https:\/\/i0.wp.com\/cut-solutions.com\/Consulting\/wp-content\/uploads\/2024\/10\/Spannfutter-TH-Serie-2.jpg?resize=1024%2C583&#038;ssl=1\" alt=\"\" class=\"wp-image-796\" srcset=\"https:\/\/i0.wp.com\/cut-solutions.com\/Consulting\/wp-content\/uploads\/2024\/10\/Spannfutter-TH-Serie-2.jpg?resize=1024%2C583&amp;ssl=1 1024w, https:\/\/i0.wp.com\/cut-solutions.com\/Consulting\/wp-content\/uploads\/2024\/10\/Spannfutter-TH-Serie-2.jpg?resize=300%2C171&amp;ssl=1 300w, https:\/\/i0.wp.com\/cut-solutions.com\/Consulting\/wp-content\/uploads\/2024\/10\/Spannfutter-TH-Serie-2.jpg?resize=768%2C437&amp;ssl=1 768w, https:\/\/i0.wp.com\/cut-solutions.com\/Consulting\/wp-content\/uploads\/2024\/10\/Spannfutter-TH-Serie-2.jpg?resize=600%2C342&amp;ssl=1 600w, https:\/\/i0.wp.com\/cut-solutions.com\/Consulting\/wp-content\/uploads\/2024\/10\/Spannfutter-TH-Serie-2.jpg?w=1444&amp;ssl=1 1444w\" sizes=\"(max-width: 1000px) 100vw, 1000px\" \/><\/figure>\n\n\n\n<figure class=\"wp-block-image size-large\"><img data-recalc-dims=\"1\" loading=\"lazy\" decoding=\"async\" width=\"1024\" height=\"583\" data-id=\"797\" src=\"https:\/\/i0.wp.com\/cut-solutions.com\/Consulting\/wp-content\/uploads\/2024\/10\/Spannfutter-TH-Serie-3.jpg?resize=1024%2C583&#038;ssl=1\" alt=\"\" class=\"wp-image-797\" srcset=\"https:\/\/i0.wp.com\/cut-solutions.com\/Consulting\/wp-content\/uploads\/2024\/10\/Spannfutter-TH-Serie-3.jpg?resize=1024%2C583&amp;ssl=1 1024w, https:\/\/i0.wp.com\/cut-solutions.com\/Consulting\/wp-content\/uploads\/2024\/10\/Spannfutter-TH-Serie-3.jpg?resize=300%2C171&amp;ssl=1 300w, https:\/\/i0.wp.com\/cut-solutions.com\/Consulting\/wp-content\/uploads\/2024\/10\/Spannfutter-TH-Serie-3.jpg?resize=768%2C437&amp;ssl=1 768w, https:\/\/i0.wp.com\/cut-solutions.com\/Consulting\/wp-content\/uploads\/2024\/10\/Spannfutter-TH-Serie-3.jpg?resize=600%2C342&amp;ssl=1 600w, https:\/\/i0.wp.com\/cut-solutions.com\/Consulting\/wp-content\/uploads\/2024\/10\/Spannfutter-TH-Serie-3.jpg?w=1445&amp;ssl=1 1445w\" sizes=\"(max-width: 1000px) 100vw, 1000px\" \/><\/figure>\n\n\n\n<figure class=\"wp-block-image size-full\"><img data-recalc-dims=\"1\" loading=\"lazy\" decoding=\"async\" width=\"1382\" height=\"822\" data-id=\"794\" src=\"https:\/\/i0.wp.com\/cut-solutions.com\/Consulting\/wp-content\/uploads\/2024\/10\/Spannfutter-Th-Serie-1.jpg?resize=1382%2C822&#038;ssl=1\" alt=\"\" class=\"wp-image-794\" srcset=\"https:\/\/i0.wp.com\/cut-solutions.com\/Consulting\/wp-content\/uploads\/2024\/10\/Spannfutter-Th-Serie-1.jpg?w=1382&amp;ssl=1 1382w, https:\/\/i0.wp.com\/cut-solutions.com\/Consulting\/wp-content\/uploads\/2024\/10\/Spannfutter-Th-Serie-1.jpg?resize=300%2C178&amp;ssl=1 300w, https:\/\/i0.wp.com\/cut-solutions.com\/Consulting\/wp-content\/uploads\/2024\/10\/Spannfutter-Th-Serie-1.jpg?resize=1024%2C609&amp;ssl=1 1024w, https:\/\/i0.wp.com\/cut-solutions.com\/Consulting\/wp-content\/uploads\/2024\/10\/Spannfutter-Th-Serie-1.jpg?resize=768%2C457&amp;ssl=1 768w, https:\/\/i0.wp.com\/cut-solutions.com\/Consulting\/wp-content\/uploads\/2024\/10\/Spannfutter-Th-Serie-1.jpg?resize=600%2C357&amp;ssl=1 600w\" sizes=\"(max-width: 1000px) 100vw, 1000px\" \/><\/figure>\n<\/figure>\n\n\n\n<div style=\"height:100px\" aria-hidden=\"true\" class=\"wp-block-spacer\"><\/div>\n\n\n\n<h2 class=\"wp-block-heading has-text-align-center\">Sie m\u00f6chten mehr Informationen zu unserer TH Serie?<\/h2>\n\n\n<style id=\"wpforms-css-vars-859\">\n\t\t\t\t#wpforms-859 {\n\t\t\t\t\n\t\t\t}\n\t\t\t<\/style><div class=\"wpforms-container wpforms-container-full wpforms-render-modern\" id=\"wpforms-859\"><form id=\"wpforms-form-859\" class=\"wpforms-validate wpforms-form wpforms-ajax-form\" data-formid=\"859\" method=\"post\" enctype=\"multipart\/form-data\" action=\"\/Consulting\/wp-json\/wp\/v2\/pages\/784\" data-token=\"6f2bac65ca5daaa31cf699b9409ecd50\" data-token-time=\"1777130641\"><noscript class=\"wpforms-error-noscript\">Bitte aktiviere JavaScript in deinem Browser, um dieses Formular fertigzustellen.<\/noscript><div id=\"wpforms-error-noscript\" style=\"display: none;\">Bitte aktiviere JavaScript in deinem Browser, um dieses Formular fertigzustellen.<\/div><div class=\"wpforms-field-container\"><div id=\"wpforms-859-field_1-container\" class=\"wpforms-field wpforms-field-name\" data-field-id=\"1\"><fieldset><legend class=\"wpforms-field-label\">Name <span class=\"wpforms-required-label\" aria-hidden=\"true\">*<\/span><\/legend><div class=\"wpforms-field-row wpforms-field-medium\"><div class=\"wpforms-field-row-block wpforms-first wpforms-one-half\"><input type=\"text\" id=\"wpforms-859-field_1\" class=\"wpforms-field-name-first wpforms-field-required\" name=\"wpforms[fields][1][first]\" aria-errormessage=\"wpforms-859-field_1-error\" required><label for=\"wpforms-859-field_1\" class=\"wpforms-field-sublabel after\">Vorname<\/label><\/div><div class=\"wpforms-field-row-block wpforms-one-half\"><input type=\"text\" id=\"wpforms-859-field_1-last\" class=\"wpforms-field-name-last wpforms-field-required\" name=\"wpforms[fields][1][last]\" aria-errormessage=\"wpforms-859-field_1-last-error\" required><label for=\"wpforms-859-field_1-last\" class=\"wpforms-field-sublabel after\">Nachname<\/label><\/div><\/div><\/fieldset><\/div><div id=\"wpforms-859-field_4-container\" class=\"wpforms-field wpforms-field-name\" data-field-id=\"4\"><label class=\"wpforms-field-label\" for=\"wpforms-859-field_4\">Firma <span class=\"wpforms-required-label\" aria-hidden=\"true\">*<\/span><\/label><input type=\"text\" id=\"wpforms-859-field_4\" class=\"wpforms-field-medium wpforms-field-required\" name=\"wpforms[fields][4]\" aria-errormessage=\"wpforms-859-field_4-error\" aria-describedby=\"wpforms-859-field_4-description\" required><div id=\"wpforms-859-field_4-description\" class=\"wpforms-field-description\">Firmanname<\/div><\/div>\t\t<div id=\"wpforms-859-field_6-container\"\n\t\t\tclass=\"wpforms-field wpforms-field-text\"\n\t\t\tdata-field-type=\"text\"\n\t\t\tdata-field-id=\"6\"\n\t\t\t>\n\t\t\t<label class=\"wpforms-field-label\" for=\"wpforms-859-field_6\" >E-Mail-Adresse Nachricht oder<\/label>\n\t\t\t<input type=\"text\" id=\"wpforms-859-field_6\" class=\"wpforms-field-medium\" name=\"wpforms[fields][6]\" >\n\t\t<\/div>\n\t\t<div id=\"wpforms-859-field_2-container\" class=\"wpforms-field wpforms-field-email\" data-field-id=\"2\"><label class=\"wpforms-field-label\" for=\"wpforms-859-field_2\">E-Mail-Adresse <span class=\"wpforms-required-label\" aria-hidden=\"true\">*<\/span><\/label><input type=\"email\" id=\"wpforms-859-field_2\" class=\"wpforms-field-medium wpforms-field-required\" name=\"wpforms[fields][2]\" spellcheck=\"false\" aria-errormessage=\"wpforms-859-field_2-error\" aria-describedby=\"wpforms-859-field_2-description\" required><div id=\"wpforms-859-field_2-description\" class=\"wpforms-field-description\">E-Mail Adresse<\/div><\/div><div id=\"wpforms-859-field_5-container\" class=\"wpforms-field wpforms-field-number\" data-field-id=\"5\"><label class=\"wpforms-field-label\" for=\"wpforms-859-field_5\">Telefonnummer <span class=\"wpforms-required-label\" aria-hidden=\"true\">*<\/span><\/label><input type=\"number\" id=\"wpforms-859-field_5\" class=\"wpforms-field-medium wpforms-field-required\" name=\"wpforms[fields][5]\" step=\"any\" aria-errormessage=\"wpforms-859-field_5-error\" required><\/div><div id=\"wpforms-859-field_3-container\" class=\"wpforms-field wpforms-field-textarea\" data-field-id=\"3\"><label class=\"wpforms-field-label\" for=\"wpforms-859-field_3\">Kommentar oder Nachricht <span class=\"wpforms-required-label\" aria-hidden=\"true\">*<\/span><\/label><textarea id=\"wpforms-859-field_3\" class=\"wpforms-field-medium wpforms-field-required\" name=\"wpforms[fields][3]\" aria-errormessage=\"wpforms-859-field_3-error\" aria-describedby=\"wpforms-859-field_3-description\" required><\/textarea><div id=\"wpforms-859-field_3-description\" class=\"wpforms-field-description\">Z.b.: \r\nIch interessiere mich f\u00fcr die Maschine, k\u00f6nnen Sie mir weitere Informationen oder ein Angebot zukommen lassen.<\/div><\/div><div id=\"wpforms-859-field_15-container\" class=\"wpforms-field wpforms-field-radio\" data-field-id=\"15\"><fieldset><legend class=\"wpforms-field-label\">Datenschutz <span class=\"wpforms-required-label\" aria-hidden=\"true\">*<\/span><\/legend><ul id=\"wpforms-859-field_15\" class=\"wpforms-field-required\"><li class=\"choice-1 depth-1\"><input type=\"radio\" id=\"wpforms-859-field_15_1\" name=\"wpforms[fields][15]\" value=\"Ich willige hiermit ein, dass die Cut Solutions GmbH die zuvor eingegebenen Daten verwendet, um mich \u00fcber das angegebenen Produkt zu informieren.\" aria-errormessage=\"wpforms-859-field_15_1-error\" required ><label class=\"wpforms-field-label-inline\" for=\"wpforms-859-field_15_1\">Ich willige hiermit ein, dass die Cut Solutions GmbH die zuvor eingegebenen Daten verwendet, um mich \u00fcber das angegebenen Produkt zu informieren.<\/label><\/li><\/ul><\/fieldset><\/div><script>\n\t\t\t\t( function() {\n\t\t\t\t\tconst style = document.createElement( 'style' );\n\t\t\t\t\tstyle.appendChild( document.createTextNode( '#wpforms-859-field_6-container { position: absolute !important; overflow: hidden !important; display: inline !important; height: 1px !important; width: 1px !important; z-index: -1000 !important; padding: 0 !important; } #wpforms-859-field_6-container input { visibility: hidden; } #wpforms-conversational-form-page #wpforms-859-field_6-container label { counter-increment: none; }' ) );\n\t\t\t\t\tdocument.head.appendChild( style );\n\t\t\t\t\tdocument.currentScript?.remove();\n\t\t\t\t} )();\n\t\t\t<\/script><\/div><!-- .wpforms-field-container --><div class=\"wpforms-submit-container\" ><input type=\"hidden\" name=\"wpforms[id]\" value=\"859\"><input type=\"hidden\" name=\"page_title\" value=\"\"><input type=\"hidden\" name=\"page_url\" value=\"https:\/\/cut-solutions.com\/Consulting\/wp-json\/wp\/v2\/pages\/784\"><input type=\"hidden\" name=\"url_referer\" value=\"\"><button type=\"submit\" name=\"wpforms[submit]\" id=\"wpforms-submit-859\" class=\"wpforms-submit\" data-alt-text=\"Wird gesendet\u00a0\u2026\" data-submit-text=\"Absenden\" aria-live=\"assertive\" value=\"wpforms-submit\">Absenden<\/button><img loading=\"lazy\" decoding=\"async\" src=\"https:\/\/cut-solutions.com\/Consulting\/wp-content\/plugins\/wpforms-lite\/assets\/images\/submit-spin.svg\" class=\"wpforms-submit-spinner\" style=\"display: none;\" width=\"26\" height=\"26\" alt=\"Wird geladen\"><\/div><\/form><\/div>  <!-- .wpforms-container -->\n\n\n\n<p class=\"\"><\/p>\n","protected":false},"excerpt":{"rendered":"<p>Unsere L\u00f6sungen f\u00fcr eine schnelle und effiziente Rohrbearbeitung TH Serie Runde und eckige Rohrbearbeitung mit Brachen weit erstem beweglichen Spannfutter AORE GROUP F\u00fcr die Bearbeitung von Rohren6,0m TH6020 Max. Rohrl\u00e4nge 6300mLaserleistung 1.500W-3.000WPositioniergenauigkeit +\/-0,03mmMax. Schnittgeschwindigkeit 110m\/min Vorteile der TH Serie: Branchen weit erstes Spannfutterdesign mit Frontbewegung &amp; Intelligentes F\u00fctterungssystem f\u00fcr effektive und schnelle Bearbeitung Sie m\u00f6chten mehr Informationen zu unserer TH Serie?<\/p>\n","protected":false},"author":1,"featured_media":0,"parent":71,"menu_order":0,"comment_status":"closed","ping_status":"closed","template":"no-title","meta":{"nf_dc_page":"","footnotes":""},"class_list":["post-784","page","type-page","status-publish","hentry"],"jetpack_sharing_enabled":true,"_links":{"self":[{"href":"https:\/\/cut-solutions.com\/Consulting\/wp-json\/wp\/v2\/pages\/784","targetHints":{"allow":["GET"]}}],"collection":[{"href":"https:\/\/cut-solutions.com\/Consulting\/wp-json\/wp\/v2\/pages"}],"about":[{"href":"https:\/\/cut-solutions.com\/Consulting\/wp-json\/wp\/v2\/types\/page"}],"author":[{"embeddable":true,"href":"https:\/\/cut-solutions.com\/Consulting\/wp-json\/wp\/v2\/users\/1"}],"replies":[{"embeddable":true,"href":"https:\/\/cut-solutions.com\/Consulting\/wp-json\/wp\/v2\/comments?post=784"}],"version-history":[{"count":13,"href":"https:\/\/cut-solutions.com\/Consulting\/wp-json\/wp\/v2\/pages\/784\/revisions"}],"predecessor-version":[{"id":1002,"href":"https:\/\/cut-solutions.com\/Consulting\/wp-json\/wp\/v2\/pages\/784\/revisions\/1002"}],"up":[{"embeddable":true,"href":"https:\/\/cut-solutions.com\/Consulting\/wp-json\/wp\/v2\/pages\/71"}],"wp:attachment":[{"href":"https:\/\/cut-solutions.com\/Consulting\/wp-json\/wp\/v2\/media?parent=784"}],"curies":[{"name":"wp","href":"https:\/\/api.w.org\/{rel}","templated":true}]}}