{"id":69,"date":"2024-09-08T20:50:37","date_gmt":"2024-09-08T20:50:37","guid":{"rendered":"https:\/\/cut-solutions.com\/Consulting\/?page_id=69"},"modified":"2024-09-19T13:30:49","modified_gmt":"2024-09-19T13:30:49","slug":"startlocherodieren","status":"publish","type":"page","link":"https:\/\/cut-solutions.com\/Consulting\/startlocherodieren\/","title":{"rendered":"Startlocherodieren"},"content":{"rendered":"\n<div class=\"wp-block-cover alignfull is-light\" style=\"min-height:601px;aspect-ratio:unset;\"><span aria-hidden=\"true\" class=\"wp-block-cover__background has-background-dim\" style=\"background-color:#FFF\"><\/span><video class=\"wp-block-cover__video-background intrinsic-ignore\" autoplay muted loop playsinline src=\"https:\/\/cut-solutions.com\/Consulting\/wp-content\/uploads\/2024\/09\/Startloch.mp4\" data-object-fit=\"cover\"><\/video><div class=\"wp-block-cover__inner-container is-layout-flow wp-block-cover-is-layout-flow\">\n<p class=\"has-text-align-center has-large-font-size\">Startlocherodieren<\/p>\n\n\n\n<p class=\"has-text-align-center\">Das Bohrerodieren ist eine Sonderanwendung des Senkerodierens, bei der die verwendete Maschine Startlochbohrmaschine genannt wird. Die Maschine wird so bezeichnet, da die entstandenen Bohrungen meistens als Start- oder Einf\u00e4delloch f\u00fcr nachfolgende Drahterodierarbeiten verwendet werden.<\/p>\n<\/div><\/div>\n\n\n\n<div class=\"wp-block-media-text is-stacked-on-mobile\" style=\"grid-template-columns:25% auto\"><figure class=\"wp-block-media-text__media\"><img data-recalc-dims=\"1\" decoding=\"async\" width=\"353\" height=\"66\" src=\"https:\/\/i0.wp.com\/cut-solutions.com\/Consulting\/wp-content\/uploads\/2024\/09\/Castek-Logo-1.jpg?resize=353%2C66&#038;ssl=1\" alt=\"\" class=\"wp-image-182 size-full\" srcset=\"https:\/\/i0.wp.com\/cut-solutions.com\/Consulting\/wp-content\/uploads\/2024\/09\/Castek-Logo-1.jpg?w=353&amp;ssl=1 353w, https:\/\/i0.wp.com\/cut-solutions.com\/Consulting\/wp-content\/uploads\/2024\/09\/Castek-Logo-1.jpg?resize=300%2C56&amp;ssl=1 300w\" sizes=\"(max-width: 353px) 100vw, 353px\" \/><\/figure><div class=\"wp-block-media-text__content\">\n<h2 class=\"wp-block-heading nfd-text-huge nfd-text-primary nfd-text-balance\">Ihr Spezialist beim Startlocherodieren<\/h2>\n\n\n\n<p class=\"\">Langj\u00e4hrige Erfahrung und st\u00e4ndige Weiterentwicklung bilden die Grundlage f\u00fcr unsere Startlocherodiermaschinen.<br>F\u00fcr einfache und dennoch pr\u00e4zise Bohrungen in elektisch leitende Materialien sind unsere Anlagen bestens geeignet. Unsere kleinste SD-Serie von 100&#215;100 bis 200x200mm ist f\u00fcr Bohrungen bis 0,13mm bestens geeignet, und das zu einem unschlagbaren Preis!<\/p>\n<\/div><\/div>\n\n\n\n<div class=\"wp-block-group is-layout-flow wp-block-group-is-layout-flow\">\n<div class=\"nfd-container nfd-p-lg nfd-theme-light nfd-bg-surface is-style-nfd-theme-light wp-block-group is-layout-constrained wp-block-group-is-layout-constrained\">\n<h2 class=\"wp-block-heading\">M-Serie (Manuelle Maschine)<\/h2>\n\n\n\n<div class=\"nfd-gap-y-2xl wp-block-columns are-vertically-aligned-top is-layout-flex wp-container-core-columns-is-layout-730ec5d8 wp-block-columns-is-layout-flex\" style=\"padding-top:0;padding-right:0;padding-bottom:0;padding-left:0\">\n<div class=\"wp-block-column is-vertically-aligned-top is-layout-flow wp-container-core-column-is-layout-8a368f38 wp-block-column-is-layout-flow\">\n<div class=\"nfd-theme-white nfd-bg-surface nfd-gap-0 nfd-shadow-xs nfd-rounded wp-block-group is-vertical is-content-justification-center is-layout-flex wp-container-core-group-is-layout-4f05d86a wp-block-group-is-layout-flex\" style=\"padding-top:4px;padding-right:4px;padding-bottom:4px;padding-left:4px\">\n<figure class=\"nfd-rounded-sm wp-block-image size-full\"><img data-recalc-dims=\"1\" fetchpriority=\"high\" decoding=\"async\" width=\"559\" height=\"554\" src=\"https:\/\/i0.wp.com\/cut-solutions.com\/Consulting\/wp-content\/uploads\/2024\/09\/SD22AP.jpg?resize=559%2C554&#038;ssl=1\" alt=\"\" class=\"wp-image-50\" style=\"aspect-ratio:1;object-fit:contain\" srcset=\"https:\/\/i0.wp.com\/cut-solutions.com\/Consulting\/wp-content\/uploads\/2024\/09\/SD22AP.jpg?w=559&amp;ssl=1 559w, https:\/\/i0.wp.com\/cut-solutions.com\/Consulting\/wp-content\/uploads\/2024\/09\/SD22AP.jpg?resize=300%2C297&amp;ssl=1 300w, https:\/\/i0.wp.com\/cut-solutions.com\/Consulting\/wp-content\/uploads\/2024\/09\/SD22AP.jpg?resize=150%2C150&amp;ssl=1 150w\" sizes=\"(max-width: 559px) 100vw, 559px\" \/><\/figure>\n\n\n\n<div class=\"nfd-gap-md nfd-p-card-sm wp-block-group is-vertical is-content-justification-stretch is-layout-flex wp-container-core-group-is-layout-353c4f5a wp-block-group-is-layout-flex\">\n<div class=\"nfd-gap-0 wp-block-group is-vertical is-content-justification-stretch is-layout-flex wp-container-core-group-is-layout-353c4f5a wp-block-group-is-layout-flex\">\n<p class=\"nfd-text-md has-text-align-center\"><strong>SD22AP<\/strong><\/p>\n\n\n\n<p class=\"nfd-text-sm nfd-text-faded has-text-align-center\">X\/Y 300 mm x 200 mm<br>Z 360 mm<\/p>\n<\/div>\n<\/div>\n<\/div>\n<\/div>\n\n\n\n<div class=\"wp-block-column is-vertically-aligned-top is-layout-flow wp-container-core-column-is-layout-8a368f38 wp-block-column-is-layout-flow\">\n<div class=\"nfd-theme-white nfd-bg-surface nfd-gap-0 nfd-shadow-xs nfd-rounded wp-block-group is-vertical is-content-justification-center is-layout-flex wp-container-core-group-is-layout-4f05d86a wp-block-group-is-layout-flex\" style=\"padding-top:4px;padding-right:4px;padding-bottom:4px;padding-left:4px\">\n<figure class=\"nfd-rounded-sm wp-block-image size-full\"><img data-recalc-dims=\"1\" decoding=\"async\" width=\"1000\" height=\"1280\" src=\"https:\/\/i0.wp.com\/cut-solutions.com\/Consulting\/wp-content\/uploads\/2024\/09\/SD22AP.png?resize=1000%2C1280&#038;ssl=1\" alt=\"\" class=\"wp-image-52\" style=\"aspect-ratio:1;object-fit:contain\" srcset=\"https:\/\/i0.wp.com\/cut-solutions.com\/Consulting\/wp-content\/uploads\/2024\/09\/SD22AP.png?w=1000&amp;ssl=1 1000w, https:\/\/i0.wp.com\/cut-solutions.com\/Consulting\/wp-content\/uploads\/2024\/09\/SD22AP.png?resize=234%2C300&amp;ssl=1 234w, https:\/\/i0.wp.com\/cut-solutions.com\/Consulting\/wp-content\/uploads\/2024\/09\/SD22AP.png?resize=800%2C1024&amp;ssl=1 800w, https:\/\/i0.wp.com\/cut-solutions.com\/Consulting\/wp-content\/uploads\/2024\/09\/SD22AP.png?resize=768%2C983&amp;ssl=1 768w, https:\/\/i0.wp.com\/cut-solutions.com\/Consulting\/wp-content\/uploads\/2024\/09\/SD22AP.png?resize=600%2C768&amp;ssl=1 600w\" sizes=\"(max-width: 1000px) 100vw, 1000px\" \/><\/figure>\n\n\n\n<div class=\"nfd-gap-md nfd-p-card-sm wp-block-group is-vertical is-content-justification-stretch is-layout-flex wp-container-core-group-is-layout-353c4f5a wp-block-group-is-layout-flex\">\n<div class=\"nfd-gap-0 wp-block-group is-vertical is-content-justification-stretch is-layout-flex wp-container-core-group-is-layout-353c4f5a wp-block-group-is-layout-flex\">\n<p class=\"nfd-text-md has-text-align-center\"><strong>SD22AS<\/strong><\/p>\n\n\n\n<p class=\"nfd-text-sm nfd-text-faded has-text-align-center\">X\/Y 300 mm x 200 mm<br>Z 360 mm<\/p>\n<\/div>\n<\/div>\n<\/div>\n<\/div>\n\n\n\n<div class=\"wp-block-column is-vertically-aligned-top is-layout-flow wp-container-core-column-is-layout-8a368f38 wp-block-column-is-layout-flow\">\n<div class=\"nfd-theme-white nfd-bg-surface nfd-gap-0 nfd-shadow-xs nfd-rounded wp-block-group is-vertical is-content-justification-center is-layout-flex wp-container-core-group-is-layout-4f05d86a wp-block-group-is-layout-flex\" style=\"padding-top:4px;padding-right:4px;padding-bottom:4px;padding-left:4px\">\n<figure class=\"nfd-rounded-sm wp-block-image size-full\"><img data-recalc-dims=\"1\" loading=\"lazy\" decoding=\"async\" width=\"914\" height=\"1170\" src=\"https:\/\/i0.wp.com\/cut-solutions.com\/Consulting\/wp-content\/uploads\/2024\/09\/PD02.jpg?resize=914%2C1170&#038;ssl=1\" alt=\"\" class=\"wp-image-53\" style=\"aspect-ratio:1;object-fit:contain\" srcset=\"https:\/\/i0.wp.com\/cut-solutions.com\/Consulting\/wp-content\/uploads\/2024\/09\/PD02.jpg?w=914&amp;ssl=1 914w, https:\/\/i0.wp.com\/cut-solutions.com\/Consulting\/wp-content\/uploads\/2024\/09\/PD02.jpg?resize=234%2C300&amp;ssl=1 234w, https:\/\/i0.wp.com\/cut-solutions.com\/Consulting\/wp-content\/uploads\/2024\/09\/PD02.jpg?resize=800%2C1024&amp;ssl=1 800w, https:\/\/i0.wp.com\/cut-solutions.com\/Consulting\/wp-content\/uploads\/2024\/09\/PD02.jpg?resize=768%2C983&amp;ssl=1 768w, https:\/\/i0.wp.com\/cut-solutions.com\/Consulting\/wp-content\/uploads\/2024\/09\/PD02.jpg?resize=600%2C768&amp;ssl=1 600w\" sizes=\"(max-width: 914px) 100vw, 914px\" \/><\/figure>\n\n\n\n<div class=\"nfd-gap-md nfd-p-card-sm wp-block-group is-vertical is-content-justification-stretch is-layout-flex wp-container-core-group-is-layout-353c4f5a wp-block-group-is-layout-flex\">\n<div class=\"nfd-gap-0 wp-block-group is-vertical is-content-justification-stretch is-layout-flex wp-container-core-group-is-layout-353c4f5a wp-block-group-is-layout-flex\">\n<p class=\"nfd-text-md has-text-align-center\"><strong>PD02<\/strong><\/p>\n\n\n\n<p class=\"nfd-text-sm nfd-text-faded has-text-align-center\">X\/Y XX mm x XX mm<br>Z 260 mm<\/p>\n<\/div>\n<\/div>\n<\/div>\n<\/div>\n<\/div>\n<\/div>\n\n\n\n<div class=\"nfd-container nfd-p-lg nfd-theme-light nfd-bg-surface is-style-nfd-theme-light wp-block-group is-layout-constrained wp-block-group-is-layout-constrained\">\n<h2 class=\"wp-block-heading\">CNC-Serie (Vollautomatische Maschine)<\/h2>\n\n\n\n<div class=\"nfd-gap-y-2xl wp-block-columns are-vertically-aligned-top is-layout-flex wp-container-core-columns-is-layout-730ec5d8 wp-block-columns-is-layout-flex\" style=\"padding-top:0;padding-right:0;padding-bottom:0;padding-left:0\">\n<div class=\"wp-block-column is-vertically-aligned-top is-layout-flow wp-container-core-column-is-layout-8a368f38 wp-block-column-is-layout-flow\">\n<div class=\"nfd-theme-white nfd-bg-surface nfd-gap-0 nfd-shadow-xs nfd-rounded wp-block-group is-vertical is-content-justification-center is-layout-flex wp-container-core-group-is-layout-4f05d86a wp-block-group-is-layout-flex\" style=\"padding-top:4px;padding-right:4px;padding-bottom:4px;padding-left:4px\">\n<figure class=\"nfd-rounded-sm wp-block-image size-full\"><img data-recalc-dims=\"1\" loading=\"lazy\" decoding=\"async\" width=\"500\" height=\"640\" src=\"https:\/\/i0.wp.com\/cut-solutions.com\/Consulting\/wp-content\/uploads\/2024\/09\/SD22AS-CNC.png?resize=500%2C640&#038;ssl=1\" alt=\"\" class=\"wp-image-215\" style=\"aspect-ratio:1;object-fit:contain\" srcset=\"https:\/\/i0.wp.com\/cut-solutions.com\/Consulting\/wp-content\/uploads\/2024\/09\/SD22AS-CNC.png?w=500&amp;ssl=1 500w, https:\/\/i0.wp.com\/cut-solutions.com\/Consulting\/wp-content\/uploads\/2024\/09\/SD22AS-CNC.png?resize=234%2C300&amp;ssl=1 234w\" sizes=\"(max-width: 500px) 100vw, 500px\" \/><\/figure>\n\n\n\n<div class=\"nfd-gap-md nfd-p-card-sm wp-block-group is-vertical is-content-justification-stretch is-layout-flex wp-container-core-group-is-layout-353c4f5a wp-block-group-is-layout-flex\">\n<div class=\"nfd-gap-0 wp-block-group is-vertical is-content-justification-stretch is-layout-flex wp-container-core-group-is-layout-353c4f5a wp-block-group-is-layout-flex\">\n<p class=\"nfd-text-md has-text-align-center\"><strong>SD22AS CNC<\/strong><\/p>\n\n\n\n<p class=\"nfd-text-sm nfd-text-faded has-text-align-center\">X\/Y 300 mm x 200 mm<br>Z 360 mm<\/p>\n<\/div>\n<\/div>\n<\/div>\n<\/div>\n\n\n\n<div class=\"wp-block-column is-vertically-aligned-top is-layout-flow wp-container-core-column-is-layout-8a368f38 wp-block-column-is-layout-flow\">\n<div class=\"nfd-theme-white nfd-bg-surface nfd-gap-0 nfd-shadow-xs nfd-rounded wp-block-group is-vertical is-content-justification-center is-layout-flex wp-container-core-group-is-layout-4f05d86a wp-block-group-is-layout-flex\" style=\"padding-top:4px;padding-right:4px;padding-bottom:4px;padding-left:4px\">\n<figure class=\"nfd-rounded-sm wp-block-image size-full\"><img data-recalc-dims=\"1\" loading=\"lazy\" decoding=\"async\" width=\"501\" height=\"640\" src=\"https:\/\/i0.wp.com\/cut-solutions.com\/Consulting\/wp-content\/uploads\/2024\/09\/SD4030SDN-CE-1.jpg?resize=501%2C640&#038;ssl=1\" alt=\"\" class=\"wp-image-214\" style=\"aspect-ratio:1;object-fit:contain\" srcset=\"https:\/\/i0.wp.com\/cut-solutions.com\/Consulting\/wp-content\/uploads\/2024\/09\/SD4030SDN-CE-1.jpg?w=501&amp;ssl=1 501w, https:\/\/i0.wp.com\/cut-solutions.com\/Consulting\/wp-content\/uploads\/2024\/09\/SD4030SDN-CE-1.jpg?resize=235%2C300&amp;ssl=1 235w\" sizes=\"(max-width: 501px) 100vw, 501px\" \/><\/figure>\n\n\n\n<div class=\"nfd-gap-md nfd-p-card-sm wp-block-group is-vertical is-content-justification-stretch is-layout-flex wp-container-core-group-is-layout-353c4f5a wp-block-group-is-layout-flex\">\n<div class=\"nfd-gap-0 wp-block-group is-vertical is-content-justification-stretch is-layout-flex wp-container-core-group-is-layout-353c4f5a wp-block-group-is-layout-flex\">\n<p class=\"nfd-text-md has-text-align-center\"><strong>SD4030AS CNC<\/strong><\/p>\n\n\n\n<p class=\"nfd-text-sm nfd-text-faded has-text-align-center\">X\/Y 400 mm x 300 mm<br>Z 360 mm<\/p>\n<\/div>\n<\/div>\n<\/div>\n<\/div>\n\n\n\n<div class=\"wp-block-column is-vertically-aligned-top is-layout-flow wp-container-core-column-is-layout-8a368f38 wp-block-column-is-layout-flow\">\n<div class=\"nfd-theme-white nfd-bg-surface nfd-gap-0 nfd-shadow-xs nfd-rounded wp-block-group is-vertical is-content-justification-center is-layout-flex wp-container-core-group-is-layout-4f05d86a wp-block-group-is-layout-flex\" style=\"padding-top:4px;padding-right:4px;padding-bottom:4px;padding-left:4px\">\n<figure class=\"nfd-rounded-sm wp-block-image size-full\"><img data-recalc-dims=\"1\" loading=\"lazy\" decoding=\"async\" width=\"846\" height=\"1082\" src=\"https:\/\/i0.wp.com\/cut-solutions.com\/Consulting\/wp-content\/uploads\/2024\/09\/SD6040AS-CNC.jpg?resize=846%2C1082&#038;ssl=1\" alt=\"\" class=\"wp-image-216\" style=\"aspect-ratio:1;object-fit:contain\" srcset=\"https:\/\/i0.wp.com\/cut-solutions.com\/Consulting\/wp-content\/uploads\/2024\/09\/SD6040AS-CNC.jpg?w=846&amp;ssl=1 846w, https:\/\/i0.wp.com\/cut-solutions.com\/Consulting\/wp-content\/uploads\/2024\/09\/SD6040AS-CNC.jpg?resize=235%2C300&amp;ssl=1 235w, https:\/\/i0.wp.com\/cut-solutions.com\/Consulting\/wp-content\/uploads\/2024\/09\/SD6040AS-CNC.jpg?resize=801%2C1024&amp;ssl=1 801w, https:\/\/i0.wp.com\/cut-solutions.com\/Consulting\/wp-content\/uploads\/2024\/09\/SD6040AS-CNC.jpg?resize=768%2C982&amp;ssl=1 768w, https:\/\/i0.wp.com\/cut-solutions.com\/Consulting\/wp-content\/uploads\/2024\/09\/SD6040AS-CNC.jpg?resize=600%2C767&amp;ssl=1 600w\" sizes=\"(max-width: 846px) 100vw, 846px\" \/><\/figure>\n\n\n\n<div class=\"nfd-gap-md nfd-p-card-sm wp-block-group is-vertical is-content-justification-stretch is-layout-flex wp-container-core-group-is-layout-353c4f5a wp-block-group-is-layout-flex\">\n<div class=\"nfd-gap-0 wp-block-group is-vertical is-content-justification-stretch is-layout-flex wp-container-core-group-is-layout-353c4f5a wp-block-group-is-layout-flex\">\n<p class=\"nfd-text-md has-text-align-center\"><strong>SD6040AS CNC<\/strong><\/p>\n\n\n\n<p class=\"nfd-text-sm nfd-text-faded has-text-align-center\">X\/Y 600 mm x 400 mm<br>Z 360 mm<\/p>\n<\/div>\n<\/div>\n<\/div>\n<\/div>\n<\/div>\n<\/div>\n<\/div>\n\n\n\n<div class=\"nfd-container wp-block-group nfd-wb-animate nfd-wb-zoom-in is-layout-constrained wp-block-group-is-layout-constrained\">\n<div class=\"wp-block-columns is-layout-flex wp-container-core-columns-is-layout-28232c24 wp-block-columns-is-layout-flex\">\n<div class=\"wp-block-column is-vertically-aligned-stretch is-layout-flow wp-block-column-is-layout-flow\">\n<div class=\"wp-block-group is-vertical is-content-justification-stretch is-layout-flex wp-container-core-group-is-layout-401b7a8a wp-block-group-is-layout-flex\" style=\"min-height:100%\">\n<div class=\"wp-block-cover is-light has-custom-content-position is-position-top-left wp-container-content-9cfa9a5a\" style=\"min-height:488px;aspect-ratio:unset;\"><span aria-hidden=\"true\" class=\"wp-block-cover__background has-background-dim-0 has-background-dim\" style=\"background-color:#797f87\"><\/span><img data-recalc-dims=\"1\" loading=\"lazy\" decoding=\"async\" width=\"799\" height=\"640\" class=\"wp-block-cover__image-background wp-image-219\" alt=\"\" src=\"https:\/\/i0.wp.com\/cut-solutions.com\/Consulting\/wp-content\/uploads\/2024\/09\/SD16030NC.jpg?resize=799%2C640&#038;ssl=1\" data-object-fit=\"cover\" srcset=\"https:\/\/i0.wp.com\/cut-solutions.com\/Consulting\/wp-content\/uploads\/2024\/09\/SD16030NC.jpg?w=799&amp;ssl=1 799w, https:\/\/i0.wp.com\/cut-solutions.com\/Consulting\/wp-content\/uploads\/2024\/09\/SD16030NC.jpg?resize=300%2C240&amp;ssl=1 300w, https:\/\/i0.wp.com\/cut-solutions.com\/Consulting\/wp-content\/uploads\/2024\/09\/SD16030NC.jpg?resize=768%2C615&amp;ssl=1 768w, https:\/\/i0.wp.com\/cut-solutions.com\/Consulting\/wp-content\/uploads\/2024\/09\/SD16030NC.jpg?resize=600%2C481&amp;ssl=1 600w\" sizes=\"(max-width: 799px) 100vw, 799px\" \/><div class=\"wp-block-cover__inner-container is-layout-constrained wp-block-cover-is-layout-constrained\">\n<p class=\"has-text-align-center has-large-font-size\"><\/p>\n<\/div><\/div>\n<\/div>\n<\/div>\n\n\n\n<div class=\"wp-block-column is-vertically-aligned-stretch is-layout-flow wp-block-column-is-layout-flow\">\n<div class=\"nfd-gap-md nfd-p-card-square-lg nfd-bg-surface nfd-theme-darker is-style-nfd-theme-darker wp-block-group has-cyan-bluish-gray-background-color has-background nfd-bg-effect-grid-3 is-vertical is-layout-flex wp-container-core-group-is-layout-d6b9ab57 wp-block-group-is-layout-flex\" style=\"min-height:100%\">\n<p class=\"has-contrast-color has-text-color has-link-color wp-elements-f2975501fc70c8eabe4de5cd84729278\"><strong>Sondermaschine<\/strong><\/p>\n\n\n\n<h2 class=\"nfd-text-xl nfd-text-contrast nfd-text-balance wp-block-heading has-text-align-left has-contrast-color has-text-color has-link-color wp-elements-0476758cdddd6efbffe4e00f151cfdb1\">Castek<\/h2>\n\n\n\n<p class=\"nfd-text-faded nfd-text-base nfd-text-balance has-contrast-color has-text-color has-link-color wp-elements-7f11ca05e9ba52da2aad4e65051ade00\">X\/Y 2000 mm x 500 mm<br>Z Max. 660 mm<br>Elektrodenl\u00e4nge Max. 700 mm<\/p>\n<\/div>\n<\/div>\n<\/div>\n<\/div>\n","protected":false},"excerpt":{"rendered":"<p>Ihr Spezialist beim Startlocherodieren Langj\u00e4hrige Erfahrung und st\u00e4ndige Weiterentwicklung bilden die Grundlage f\u00fcr unsere Startlocherodiermaschinen.F\u00fcr einfache und dennoch pr\u00e4zise Bohrungen in elektisch leitende Materialien sind unsere Anlagen bestens geeignet. Unsere kleinste SD-Serie von 100&#215;100 bis 200x200mm ist f\u00fcr Bohrungen bis 0,13mm bestens geeignet, und das zu einem unschlagbaren Preis! M-Serie (Manuelle Maschine) SD22AP X\/Y 300 mm x 200 mmZ 360 mm SD22AS X\/Y 300 mm x 200 mmZ 360 mm PD02 X\/Y XX mm x XX mmZ 260 mm CNC-Serie (Vollautomatische Maschine) SD22AS CNC X\/Y 300 mm x 200 mmZ 360 mm SD4030AS CNC X\/Y 400 mm x 300 mmZ 360 mm SD6040AS CNC X\/Y 600 mm x 400 mmZ 360 mm Sondermaschine Castek X\/Y 2000 mm x 500 mmZ Max. 660 mmElektrodenl\u00e4nge Max. 700 mm<\/p>\n","protected":false},"author":1,"featured_media":0,"parent":0,"menu_order":0,"comment_status":"closed","ping_status":"closed","template":"no-title","meta":{"nf_dc_page":"","footnotes":""},"class_list":["post-69","page","type-page","status-publish","hentry"],"jetpack_sharing_enabled":true,"_links":{"self":[{"href":"https:\/\/cut-solutions.com\/Consulting\/wp-json\/wp\/v2\/pages\/69","targetHints":{"allow":["GET"]}}],"collection":[{"href":"https:\/\/cut-solutions.com\/Consulting\/wp-json\/wp\/v2\/pages"}],"about":[{"href":"https:\/\/cut-solutions.com\/Consulting\/wp-json\/wp\/v2\/types\/page"}],"author":[{"embeddable":true,"href":"https:\/\/cut-solutions.com\/Consulting\/wp-json\/wp\/v2\/users\/1"}],"replies":[{"embeddable":true,"href":"https:\/\/cut-solutions.com\/Consulting\/wp-json\/wp\/v2\/comments?post=69"}],"version-history":[{"count":5,"href":"https:\/\/cut-solutions.com\/Consulting\/wp-json\/wp\/v2\/pages\/69\/revisions"}],"predecessor-version":[{"id":449,"href":"https:\/\/cut-solutions.com\/Consulting\/wp-json\/wp\/v2\/pages\/69\/revisions\/449"}],"wp:attachment":[{"href":"https:\/\/cut-solutions.com\/Consulting\/wp-json\/wp\/v2\/media?parent=69"}],"curies":[{"name":"wp","href":"https:\/\/api.w.org\/{rel}","templated":true}]}}