{"id":67,"date":"2024-09-08T20:50:03","date_gmt":"2024-09-08T20:50:03","guid":{"rendered":"https:\/\/cut-solutions.com\/Consulting\/?page_id=67"},"modified":"2024-09-19T13:29:37","modified_gmt":"2024-09-19T13:29:37","slug":"senkerodieren","status":"publish","type":"page","link":"https:\/\/cut-solutions.com\/Consulting\/senkerodieren\/","title":{"rendered":"Senkerodieren"},"content":{"rendered":"\n<div class=\"wp-block-cover alignfull is-light\" style=\"min-height:600px;aspect-ratio:unset;\"><span aria-hidden=\"true\" class=\"wp-block-cover__background has-background-dim\" style=\"background-color:#FFF\"><\/span><video class=\"wp-block-cover__video-background intrinsic-ignore\" autoplay muted loop playsinline src=\"https:\/\/cut-solutions.com\/Consulting\/wp-content\/uploads\/2024\/09\/Neuar.mp4\" data-object-fit=\"cover\"><\/video><div class=\"wp-block-cover__inner-container is-layout-flow wp-block-cover-is-layout-flow\">\n<p class=\"has-text-align-center has-large-font-size\">Senkerodieren<\/p>\n\n\n\n<p class=\"has-text-align-center\">Das Senkerodieren ist ein formgebendes Fertigungsverfahren, bei der die Elektrode der negativen Form des zu bearbeitenden Werkst\u00fccks entspricht.\u00a0Der Vorteil beim Senkerodieren liegen in der Bearbeitung von harten und schlecht zerspanbaren Materialien.\u00a0<\/p>\n<\/div><\/div>\n\n\n\n<div class=\"wp-block-media-text is-stacked-on-mobile\" style=\"grid-template-columns:25% auto\"><figure class=\"wp-block-media-text__media\"><img data-recalc-dims=\"1\" fetchpriority=\"high\" decoding=\"async\" width=\"353\" height=\"250\" src=\"https:\/\/i0.wp.com\/cut-solutions.com\/Consulting\/wp-content\/uploads\/2024\/09\/Neu-ar_logo.jpg?resize=353%2C250&#038;ssl=1\" alt=\"\" class=\"wp-image-176 size-full\" srcset=\"https:\/\/i0.wp.com\/cut-solutions.com\/Consulting\/wp-content\/uploads\/2024\/09\/Neu-ar_logo.jpg?w=353&amp;ssl=1 353w, https:\/\/i0.wp.com\/cut-solutions.com\/Consulting\/wp-content\/uploads\/2024\/09\/Neu-ar_logo.jpg?resize=300%2C212&amp;ssl=1 300w\" sizes=\"(max-width: 353px) 100vw, 353px\" \/><\/figure><div class=\"wp-block-media-text__content\">\n<h2 class=\"wp-block-heading nfd-text-huge nfd-text-primary nfd-text-balance\">Ihr Spezialist in der Senkerosion<\/h2>\n\n\n\n<p class=\"\">Neuar ist unser zuverl\u00e4ssiger Partner mit der Vision, die besten EDM-Produkte und deren Anwendungstechnologie bereitzustellen und als Neuar-Beitrag die EDM-Anwendung der High-End-Technologiebranche gewinnbringend zu gestalten.<br>Neuar wurde 1998 gegr\u00fcndet und seine Mitarbeiter in der technischen Abteilung und im Vertriebsteam verf\u00fcgen \u00fcber mehr als 40 Jahre Berufserfahrung und technisches Wissen. Diese Vorteile erm\u00f6glichen zeitnahe, professionelle Dienstleistungen, die den Bed\u00fcrfnissen der Kunden entsprechen und einen guten Ruf und Anerkennung verschaffen.<\/p>\n<\/div><\/div>\n\n\n\n<div style=\"height:23px\" aria-hidden=\"true\" class=\"wp-block-spacer\"><\/div>\n\n\n\n<div class=\"nfd-container nfd-p-lg nfd-theme-light nfd-bg-surface is-style-nfd-theme-light wp-block-group is-layout-constrained wp-block-group-is-layout-constrained\">\n<h2 class=\"wp-block-heading\">H-Serie<\/h2>\n\n\n\n<div class=\"nfd-gap-y-2xl wp-block-columns are-vertically-aligned-top is-layout-flex wp-container-core-columns-is-layout-730ec5d8 wp-block-columns-is-layout-flex\" style=\"padding-top:0;padding-right:0;padding-bottom:0;padding-left:0\">\n<div class=\"wp-block-column is-vertically-aligned-top is-layout-flow wp-container-core-column-is-layout-8a368f38 wp-block-column-is-layout-flow\">\n<div class=\"nfd-theme-white nfd-bg-surface nfd-gap-0 nfd-shadow-xs nfd-rounded wp-block-group is-vertical is-content-justification-center is-layout-flex wp-container-core-group-is-layout-4f05d86a wp-block-group-is-layout-flex\" style=\"padding-top:4px;padding-right:4px;padding-bottom:4px;padding-left:4px\">\n<figure class=\"nfd-rounded-sm wp-block-image size-full\"><img data-recalc-dims=\"1\" decoding=\"async\" width=\"421\" height=\"540\" src=\"https:\/\/i0.wp.com\/cut-solutions.com\/Consulting\/wp-content\/uploads\/2024\/09\/HHC100QE2.png?resize=421%2C540&#038;ssl=1\" alt=\"\" class=\"wp-image-144\" style=\"aspect-ratio:1;object-fit:contain\" srcset=\"https:\/\/i0.wp.com\/cut-solutions.com\/Consulting\/wp-content\/uploads\/2024\/09\/HHC100QE2.png?w=421&amp;ssl=1 421w, https:\/\/i0.wp.com\/cut-solutions.com\/Consulting\/wp-content\/uploads\/2024\/09\/HHC100QE2.png?resize=234%2C300&amp;ssl=1 234w\" sizes=\"(max-width: 421px) 100vw, 421px\" \/><\/figure>\n\n\n\n<div class=\"nfd-gap-md nfd-p-card-sm wp-block-group is-vertical is-content-justification-stretch is-layout-flex wp-container-core-group-is-layout-353c4f5a wp-block-group-is-layout-flex\">\n<div class=\"nfd-gap-0 wp-block-group is-vertical is-content-justification-stretch is-layout-flex wp-container-core-group-is-layout-353c4f5a wp-block-group-is-layout-flex\">\n<p class=\"nfd-text-md has-text-align-center\"><strong>HHC100QE2<\/strong><\/p>\n\n\n\n<p class=\"nfd-text-sm nfd-text-faded has-text-align-center\">X\/Y 500 mm x 400 mm<br>Z 450 mm<\/p>\n<\/div>\n<\/div>\n<\/div>\n<\/div>\n\n\n\n<div class=\"wp-block-column is-vertically-aligned-top is-layout-flow wp-container-core-column-is-layout-8a368f38 wp-block-column-is-layout-flow\">\n<div class=\"nfd-theme-white nfd-bg-surface nfd-gap-0 nfd-shadow-xs nfd-rounded wp-block-group is-vertical is-content-justification-center is-layout-flex wp-container-core-group-is-layout-4f05d86a wp-block-group-is-layout-flex\" style=\"padding-top:4px;padding-right:4px;padding-bottom:4px;padding-left:4px\">\n<figure class=\"nfd-rounded-sm wp-block-image size-full\"><img data-recalc-dims=\"1\" decoding=\"async\" width=\"421\" height=\"540\" src=\"https:\/\/i0.wp.com\/cut-solutions.com\/Consulting\/wp-content\/uploads\/2024\/09\/H60QE2.png?resize=421%2C540&#038;ssl=1\" alt=\"\" class=\"wp-image-146\" style=\"aspect-ratio:1;object-fit:contain\" srcset=\"https:\/\/i0.wp.com\/cut-solutions.com\/Consulting\/wp-content\/uploads\/2024\/09\/H60QE2.png?w=421&amp;ssl=1 421w, https:\/\/i0.wp.com\/cut-solutions.com\/Consulting\/wp-content\/uploads\/2024\/09\/H60QE2.png?resize=234%2C300&amp;ssl=1 234w\" sizes=\"(max-width: 421px) 100vw, 421px\" \/><\/figure>\n\n\n\n<div class=\"nfd-gap-md nfd-p-card-sm wp-block-group is-vertical is-content-justification-stretch is-layout-flex wp-container-core-group-is-layout-353c4f5a wp-block-group-is-layout-flex\">\n<div class=\"nfd-gap-0 wp-block-group is-vertical is-content-justification-stretch is-layout-flex wp-container-core-group-is-layout-353c4f5a wp-block-group-is-layout-flex\">\n<p class=\"nfd-text-md has-text-align-center\"><strong>H60QE2<\/strong><\/p>\n\n\n\n<p class=\"nfd-text-sm nfd-text-faded has-text-align-center\">X\/Y 400 mm x 300 mm<br>Z 350 mm<\/p>\n<\/div>\n<\/div>\n<\/div>\n<\/div>\n\n\n\n<div class=\"wp-block-column is-vertically-aligned-top is-layout-flow wp-container-core-column-is-layout-8a368f38 wp-block-column-is-layout-flow\">\n<div class=\"nfd-theme-white nfd-bg-surface nfd-gap-0 nfd-shadow-xs nfd-rounded wp-block-group is-vertical is-content-justification-center is-layout-flex wp-container-core-group-is-layout-4f05d86a wp-block-group-is-layout-flex\" style=\"padding-top:4px;padding-right:4px;padding-bottom:4px;padding-left:4px\">\n<figure class=\"nfd-rounded-sm wp-block-image size-full\"><img data-recalc-dims=\"1\" loading=\"lazy\" decoding=\"async\" width=\"421\" height=\"540\" src=\"https:\/\/i0.wp.com\/cut-solutions.com\/Consulting\/wp-content\/uploads\/2024\/09\/H100QE2.png?resize=421%2C540&#038;ssl=1\" alt=\"\" class=\"wp-image-147\" style=\"aspect-ratio:1;object-fit:contain\" srcset=\"https:\/\/i0.wp.com\/cut-solutions.com\/Consulting\/wp-content\/uploads\/2024\/09\/H100QE2.png?w=421&amp;ssl=1 421w, https:\/\/i0.wp.com\/cut-solutions.com\/Consulting\/wp-content\/uploads\/2024\/09\/H100QE2.png?resize=234%2C300&amp;ssl=1 234w\" sizes=\"(max-width: 421px) 100vw, 421px\" \/><\/figure>\n\n\n\n<div class=\"nfd-gap-md nfd-p-card-sm wp-block-group is-vertical is-content-justification-stretch is-layout-flex wp-container-core-group-is-layout-353c4f5a wp-block-group-is-layout-flex\">\n<div class=\"nfd-gap-0 wp-block-group is-vertical is-content-justification-stretch is-layout-flex wp-container-core-group-is-layout-353c4f5a wp-block-group-is-layout-flex\">\n<p class=\"nfd-text-md has-text-align-center\"><strong>H100QE2<\/strong><\/p>\n\n\n\n<p class=\"nfd-text-sm nfd-text-faded has-text-align-center\">X\/Y 500 mm x 400 mm<br>Z 350 mm<\/p>\n<\/div>\n<\/div>\n<\/div>\n<\/div>\n<\/div>\n<\/div>\n\n\n\n<figure class=\"wp-block-image aligncenter size-full\"><img data-recalc-dims=\"1\" loading=\"lazy\" decoding=\"async\" width=\"904\" height=\"800\" src=\"https:\/\/i0.wp.com\/cut-solutions.com\/Consulting\/wp-content\/uploads\/2024\/09\/Tabelle.jpg?resize=904%2C800&#038;ssl=1\" alt=\"\" class=\"wp-image-159\" srcset=\"https:\/\/i0.wp.com\/cut-solutions.com\/Consulting\/wp-content\/uploads\/2024\/09\/Tabelle.jpg?w=904&amp;ssl=1 904w, https:\/\/i0.wp.com\/cut-solutions.com\/Consulting\/wp-content\/uploads\/2024\/09\/Tabelle.jpg?resize=300%2C265&amp;ssl=1 300w, https:\/\/i0.wp.com\/cut-solutions.com\/Consulting\/wp-content\/uploads\/2024\/09\/Tabelle.jpg?resize=768%2C680&amp;ssl=1 768w, https:\/\/i0.wp.com\/cut-solutions.com\/Consulting\/wp-content\/uploads\/2024\/09\/Tabelle.jpg?resize=600%2C531&amp;ssl=1 600w\" sizes=\"(max-width: 904px) 100vw, 904px\" \/><\/figure>\n","protected":false},"excerpt":{"rendered":"<p>Ihr Spezialist in der Senkerosion Neuar ist unser zuverl\u00e4ssiger Partner mit der Vision, die besten EDM-Produkte und deren Anwendungstechnologie bereitzustellen und als Neuar-Beitrag die EDM-Anwendung der High-End-Technologiebranche gewinnbringend zu gestalten.Neuar wurde 1998 gegr\u00fcndet und seine Mitarbeiter in der technischen Abteilung und im Vertriebsteam verf\u00fcgen \u00fcber mehr als 40 Jahre Berufserfahrung und technisches Wissen. Diese Vorteile erm\u00f6glichen zeitnahe, professionelle Dienstleistungen, die den Bed\u00fcrfnissen der Kunden entsprechen und einen guten Ruf und Anerkennung verschaffen. H-Serie HHC100QE2 X\/Y 500 mm x 400 mmZ 450 mm H60QE2 X\/Y 400 mm x 300 mmZ 350 mm H100QE2 X\/Y 500 mm x 400 mmZ 350 mm<\/p>\n","protected":false},"author":1,"featured_media":0,"parent":0,"menu_order":0,"comment_status":"closed","ping_status":"closed","template":"no-title","meta":{"nf_dc_page":"","footnotes":""},"class_list":["post-67","page","type-page","status-publish","hentry"],"jetpack_sharing_enabled":true,"_links":{"self":[{"href":"https:\/\/cut-solutions.com\/Consulting\/wp-json\/wp\/v2\/pages\/67","targetHints":{"allow":["GET"]}}],"collection":[{"href":"https:\/\/cut-solutions.com\/Consulting\/wp-json\/wp\/v2\/pages"}],"about":[{"href":"https:\/\/cut-solutions.com\/Consulting\/wp-json\/wp\/v2\/types\/page"}],"author":[{"embeddable":true,"href":"https:\/\/cut-solutions.com\/Consulting\/wp-json\/wp\/v2\/users\/1"}],"replies":[{"embeddable":true,"href":"https:\/\/cut-solutions.com\/Consulting\/wp-json\/wp\/v2\/comments?post=67"}],"version-history":[{"count":5,"href":"https:\/\/cut-solutions.com\/Consulting\/wp-json\/wp\/v2\/pages\/67\/revisions"}],"predecessor-version":[{"id":448,"href":"https:\/\/cut-solutions.com\/Consulting\/wp-json\/wp\/v2\/pages\/67\/revisions\/448"}],"wp:attachment":[{"href":"https:\/\/cut-solutions.com\/Consulting\/wp-json\/wp\/v2\/media?parent=67"}],"curies":[{"name":"wp","href":"https:\/\/api.w.org\/{rel}","templated":true}]}}