{"id":651,"date":"2024-10-09T14:28:37","date_gmt":"2024-10-09T14:28:37","guid":{"rendered":"https:\/\/cut-solutions.com\/Consulting\/?page_id=651"},"modified":"2024-10-09T15:40:23","modified_gmt":"2024-10-09T15:40:23","slug":"v500g-plus","status":"publish","type":"page","link":"https:\/\/cut-solutions.com\/Consulting\/drahterodieren\/g-plus-serie\/v500g-plus\/","title":{"rendered":"V500G Plus"},"content":{"rendered":"\n<h1 class=\"wp-block-heading has-text-align-center\">V500G Plus<\/h1>\n\n\n\n<div class=\"is-style-default wp-block-media-text is-stacked-on-mobile\"><figure class=\"wp-block-media-text__media\"><img data-recalc-dims=\"1\" fetchpriority=\"high\" decoding=\"async\" width=\"1024\" height=\"858\" src=\"https:\/\/i0.wp.com\/cut-solutions.com\/Consulting\/wp-content\/uploads\/2024\/09\/V500G-Plus.png?resize=1024%2C858&#038;ssl=1\" alt=\"\" class=\"wp-image-102 size-full\" srcset=\"https:\/\/i0.wp.com\/cut-solutions.com\/Consulting\/wp-content\/uploads\/2024\/09\/V500G-Plus.png?w=1024&amp;ssl=1 1024w, https:\/\/i0.wp.com\/cut-solutions.com\/Consulting\/wp-content\/uploads\/2024\/09\/V500G-Plus.png?resize=300%2C251&amp;ssl=1 300w, https:\/\/i0.wp.com\/cut-solutions.com\/Consulting\/wp-content\/uploads\/2024\/09\/V500G-Plus.png?resize=768%2C644&amp;ssl=1 768w, https:\/\/i0.wp.com\/cut-solutions.com\/Consulting\/wp-content\/uploads\/2024\/09\/V500G-Plus.png?resize=600%2C503&amp;ssl=1 600w\" sizes=\"(max-width: 1000px) 100vw, 1000px\" \/><\/figure><div class=\"wp-block-media-text__content\">\n<h2 class=\"wp-block-heading\">Technische Spezifikationen Maschine<\/h2>\n\n\n\n<figure class=\"wp-block-table\"><table class=\"has-fixed-layout\"><tbody><tr><td>Maschinenabmessungen<\/td><td>2215 x 2478 x 2205 mm<\/td><\/tr><tr><td>Maschinengewicht<\/td><td>3500 kg<\/td><\/tr><tr><td>Tischbewegung von X\/Y<\/td><td>500 x 300 mm<\/td><\/tr><tr><td>Z-Achsen-Verfahrweg<\/td><td>260 mm (220 mm im Wasserbad)<\/td><\/tr><tr><td>Verfahrweg auf der U- und V-Achse<\/td><td>120 x 120 mm<\/td><\/tr><tr><td>Maximaler Kegelwinkel<\/td><td>\u00b126\u00b0\/ 100mm mit breiter Diamantf\u00fchrung und D\u00fcse<\/td><\/tr><tr><td>Drahtdurchmesser<\/td><td>0,15 &#8211; 0,3 mm<\/td><\/tr><tr><td>Anzahl der gesteuerten Achsen<\/td><td>5 Achsen AC-Servomotor<\/td><\/tr><\/tbody><\/table><\/figure>\n\n\n\n<h2 class=\"wp-block-heading\">Technische Spezifikationen Werkst\u00fcck<\/h2>\n\n\n\n<figure class=\"wp-block-table\"><table class=\"has-fixed-layout\"><tbody><tr><td>Max. Werkst\u00fcckgr\u00f6\u00dfe<\/td><td>850 x 600 x 255 mm<\/td><\/tr><tr><td>Max. Werkst\u00fcckgewicht<\/td><td>600 kg<\/td><\/tr><\/tbody><\/table><\/figure>\n\n\n\n<h2 class=\"wp-block-heading\">Technische Spezifikationen Tank<\/h2>\n\n\n\n<figure class=\"wp-block-table\"><table class=\"has-fixed-layout\"><tbody><tr><td>Tankinhalt<\/td><td>750 Liter<\/td><\/tr><tr><td>Deionisierer<\/td><td>Auto<\/td><\/tr><tr><td>Papierfilter<\/td><td>2 \/ St\u00fcck<\/td><\/tr><tr><td>K\u00fchleinheit<\/td><td>Auto<\/td><\/tr><\/tbody><\/table><\/figure>\n<\/div><\/div>\n\n\n\n<figure class=\"wp-block-gallery has-nested-images columns-default is-cropped wp-block-gallery-1 is-layout-flex wp-block-gallery-is-layout-flex\">\n<figure class=\"wp-block-image size-large\"><img data-recalc-dims=\"1\" decoding=\"async\" width=\"1024\" height=\"832\" data-id=\"653\" src=\"https:\/\/i0.wp.com\/cut-solutions.com\/Consulting\/wp-content\/uploads\/2024\/10\/V500G-Plus-Front.png?resize=1024%2C832&#038;ssl=1\" alt=\"\" class=\"wp-image-653\" srcset=\"https:\/\/i0.wp.com\/cut-solutions.com\/Consulting\/wp-content\/uploads\/2024\/10\/V500G-Plus-Front.png?resize=1024%2C832&amp;ssl=1 1024w, https:\/\/i0.wp.com\/cut-solutions.com\/Consulting\/wp-content\/uploads\/2024\/10\/V500G-Plus-Front.png?resize=300%2C244&amp;ssl=1 300w, https:\/\/i0.wp.com\/cut-solutions.com\/Consulting\/wp-content\/uploads\/2024\/10\/V500G-Plus-Front.png?resize=768%2C624&amp;ssl=1 768w, https:\/\/i0.wp.com\/cut-solutions.com\/Consulting\/wp-content\/uploads\/2024\/10\/V500G-Plus-Front.png?resize=1536%2C1248&amp;ssl=1 1536w, https:\/\/i0.wp.com\/cut-solutions.com\/Consulting\/wp-content\/uploads\/2024\/10\/V500G-Plus-Front.png?resize=600%2C488&amp;ssl=1 600w, https:\/\/i0.wp.com\/cut-solutions.com\/Consulting\/wp-content\/uploads\/2024\/10\/V500G-Plus-Front.png?w=1600&amp;ssl=1 1600w\" sizes=\"(max-width: 1000px) 100vw, 1000px\" \/><\/figure>\n\n\n\n<figure class=\"wp-block-image size-large\"><img data-recalc-dims=\"1\" decoding=\"async\" width=\"1024\" height=\"832\" data-id=\"654\" src=\"https:\/\/i0.wp.com\/cut-solutions.com\/Consulting\/wp-content\/uploads\/2024\/10\/V500G-Plus-Oben.png?resize=1024%2C832&#038;ssl=1\" alt=\"\" class=\"wp-image-654\" srcset=\"https:\/\/i0.wp.com\/cut-solutions.com\/Consulting\/wp-content\/uploads\/2024\/10\/V500G-Plus-Oben.png?resize=1024%2C832&amp;ssl=1 1024w, https:\/\/i0.wp.com\/cut-solutions.com\/Consulting\/wp-content\/uploads\/2024\/10\/V500G-Plus-Oben.png?resize=300%2C244&amp;ssl=1 300w, https:\/\/i0.wp.com\/cut-solutions.com\/Consulting\/wp-content\/uploads\/2024\/10\/V500G-Plus-Oben.png?resize=768%2C624&amp;ssl=1 768w, https:\/\/i0.wp.com\/cut-solutions.com\/Consulting\/wp-content\/uploads\/2024\/10\/V500G-Plus-Oben.png?resize=1536%2C1248&amp;ssl=1 1536w, https:\/\/i0.wp.com\/cut-solutions.com\/Consulting\/wp-content\/uploads\/2024\/10\/V500G-Plus-Oben.png?resize=600%2C488&amp;ssl=1 600w, https:\/\/i0.wp.com\/cut-solutions.com\/Consulting\/wp-content\/uploads\/2024\/10\/V500G-Plus-Oben.png?w=1600&amp;ssl=1 1600w\" sizes=\"(max-width: 1000px) 100vw, 1000px\" \/><\/figure>\n<\/figure>\n\n\n\n<div style=\"height:100px\" aria-hidden=\"true\" class=\"wp-block-spacer\"><\/div>\n\n\n\n<h1 class=\"wp-block-heading has-text-align-center\">Standardzubeh\u00f6r<\/h1>\n\n\n\n<div class=\"wp-block-columns is-layout-flex wp-container-core-columns-is-layout-28f84493 wp-block-columns-is-layout-flex\">\n<div class=\"wp-block-column is-layout-flow wp-block-column-is-layout-flow\">\n<figure class=\"nfd-p-2 md:nfd-p-0 nfd-stretch-cover-child wp-block-image aligncenter size-large\"><img data-recalc-dims=\"1\" loading=\"lazy\" decoding=\"async\" width=\"1024\" height=\"465\" src=\"https:\/\/i0.wp.com\/cut-solutions.com\/Consulting\/wp-content\/uploads\/2024\/09\/V400G_Plus_1100x500px_Drahterodieren_verlauf.jpg?resize=1024%2C465&#038;ssl=1\" alt=\"\" class=\"wp-image-28\" srcset=\"https:\/\/i0.wp.com\/cut-solutions.com\/Consulting\/wp-content\/uploads\/2024\/09\/V400G_Plus_1100x500px_Drahterodieren_verlauf.jpg?resize=1024%2C465&amp;ssl=1 1024w, https:\/\/i0.wp.com\/cut-solutions.com\/Consulting\/wp-content\/uploads\/2024\/09\/V400G_Plus_1100x500px_Drahterodieren_verlauf.jpg?resize=300%2C136&amp;ssl=1 300w, https:\/\/i0.wp.com\/cut-solutions.com\/Consulting\/wp-content\/uploads\/2024\/09\/V400G_Plus_1100x500px_Drahterodieren_verlauf.jpg?resize=768%2C349&amp;ssl=1 768w, https:\/\/i0.wp.com\/cut-solutions.com\/Consulting\/wp-content\/uploads\/2024\/09\/V400G_Plus_1100x500px_Drahterodieren_verlauf.jpg?resize=600%2C273&amp;ssl=1 600w, https:\/\/i0.wp.com\/cut-solutions.com\/Consulting\/wp-content\/uploads\/2024\/09\/V400G_Plus_1100x500px_Drahterodieren_verlauf.jpg?w=1100&amp;ssl=1 1100w\" sizes=\"(max-width: 1000px) 100vw, 1000px\" \/><\/figure>\n<\/div>\n\n\n\n<div class=\"wp-block-column is-layout-flow wp-block-column-is-layout-flow\">\n<ul class=\"wp-block-list\">\n<li class=\"\">Automatisches Hochgeschwindigkeits-Drahteinf\u00e4delungssystem<\/li>\n\n\n\n<li class=\"\">Automatisches Drahtausrichtger\u00e4t<\/li>\n\n\n\n<li class=\"\">Ionenaustauschharz<\/li>\n\n\n\n<li class=\"\">Papierfilter<\/li>\n\n\n\n<li class=\"\">Messingdraht<\/li>\n\n\n\n<li class=\"\">Spannwerkzeuge<\/li>\n\n\n\n<li class=\"\">Sp\u00fcld\u00fcsen f\u00fcr der oberen und unteren Kopf<\/li>\n\n\n\n<li class=\"\">Diamantf\u00fchrungen<\/li>\n\n\n\n<li class=\"\">Elektrokontakte<\/li>\n\n\n\n<li class=\"\">Automatische Zentralschmierung f\u00fcr die X und Y Achse<\/li>\n\n\n\n<li class=\"\">Fernbedienung mit Display<\/li>\n<\/ul>\n<\/div>\n<\/div>\n\n\n\n<div style=\"height:100px\" aria-hidden=\"true\" class=\"wp-block-spacer\"><\/div>\n\n\n\n<h2 class=\"wp-block-heading has-text-align-center\">Haben wir Ihr Interesse geweckt?<\/h2>\n\n\n\n<p class=\"has-text-align-center\">Schreiben Sie uns doch einfach an und fragen nach einem unverbindlichen Angebot.<\/p>\n\n\n<div class=\"wpforms-container wpforms-container-full wpforms-block wpforms-block-bd5bcac8-68ad-47e5-8814-0db15df32928 wpforms-render-modern\" id=\"wpforms-639\"><form id=\"wpforms-form-639\" class=\"wpforms-validate wpforms-form wpforms-ajax-form\" data-formid=\"639\" method=\"post\" enctype=\"multipart\/form-data\" action=\"\/Consulting\/wp-json\/wp\/v2\/pages\/651\" data-token=\"4535bae35bb378392453008da2b6b21f\" data-token-time=\"1777131460\"><noscript class=\"wpforms-error-noscript\">Bitte aktiviere JavaScript in deinem Browser, um dieses Formular fertigzustellen.<\/noscript><div id=\"wpforms-error-noscript\" style=\"display: none;\">Bitte aktiviere JavaScript in deinem Browser, um dieses Formular fertigzustellen.<\/div><div class=\"wpforms-field-container\"><div id=\"wpforms-639-field_1-container\" class=\"wpforms-field wpforms-field-name\" data-field-id=\"1\"><fieldset><legend class=\"wpforms-field-label\">Name <span class=\"wpforms-required-label\" aria-hidden=\"true\">*<\/span><\/legend><div class=\"wpforms-field-row wpforms-field-medium\"><div class=\"wpforms-field-row-block wpforms-first wpforms-one-half\"><input type=\"text\" id=\"wpforms-639-field_1\" class=\"wpforms-field-name-first wpforms-field-required\" name=\"wpforms[fields][1][first]\" aria-errormessage=\"wpforms-639-field_1-error\" required><label for=\"wpforms-639-field_1\" class=\"wpforms-field-sublabel after\">Vorname<\/label><\/div><div class=\"wpforms-field-row-block wpforms-one-half\"><input type=\"text\" id=\"wpforms-639-field_1-last\" class=\"wpforms-field-name-last wpforms-field-required\" name=\"wpforms[fields][1][last]\" aria-errormessage=\"wpforms-639-field_1-last-error\" required><label for=\"wpforms-639-field_1-last\" class=\"wpforms-field-sublabel after\">Nachname<\/label><\/div><\/div><\/fieldset><\/div><div id=\"wpforms-639-field_4-container\" class=\"wpforms-field wpforms-field-name\" data-field-id=\"4\"><label class=\"wpforms-field-label\" for=\"wpforms-639-field_4\">Firma <span class=\"wpforms-required-label\" aria-hidden=\"true\">*<\/span><\/label><input type=\"text\" id=\"wpforms-639-field_4\" class=\"wpforms-field-medium wpforms-field-required\" name=\"wpforms[fields][4]\" aria-errormessage=\"wpforms-639-field_4-error\" aria-describedby=\"wpforms-639-field_4-description\" required><div id=\"wpforms-639-field_4-description\" class=\"wpforms-field-description\">Firmanname<\/div><\/div>\t\t<div id=\"wpforms-639-field_6-container\"\n\t\t\tclass=\"wpforms-field wpforms-field-text\"\n\t\t\tdata-field-type=\"text\"\n\t\t\tdata-field-id=\"6\"\n\t\t\t>\n\t\t\t<label class=\"wpforms-field-label\" for=\"wpforms-639-field_6\" >Datenschutz E-Mail-Adresse mich<\/label>\n\t\t\t<input type=\"text\" id=\"wpforms-639-field_6\" class=\"wpforms-field-medium\" name=\"wpforms[fields][6]\" >\n\t\t<\/div>\n\t\t<div id=\"wpforms-639-field_2-container\" class=\"wpforms-field wpforms-field-email\" data-field-id=\"2\"><label class=\"wpforms-field-label\" for=\"wpforms-639-field_2\">E-Mail-Adresse <span class=\"wpforms-required-label\" aria-hidden=\"true\">*<\/span><\/label><input type=\"email\" id=\"wpforms-639-field_2\" class=\"wpforms-field-medium wpforms-field-required\" name=\"wpforms[fields][2]\" spellcheck=\"false\" aria-errormessage=\"wpforms-639-field_2-error\" aria-describedby=\"wpforms-639-field_2-description\" required><div id=\"wpforms-639-field_2-description\" class=\"wpforms-field-description\">E-Mail Adresse<\/div><\/div><div id=\"wpforms-639-field_5-container\" class=\"wpforms-field wpforms-field-number\" data-field-id=\"5\"><label class=\"wpforms-field-label\" for=\"wpforms-639-field_5\">Telefonnummer <span class=\"wpforms-required-label\" aria-hidden=\"true\">*<\/span><\/label><input type=\"number\" id=\"wpforms-639-field_5\" class=\"wpforms-field-medium wpforms-field-required\" name=\"wpforms[fields][5]\" step=\"any\" aria-errormessage=\"wpforms-639-field_5-error\" required><\/div><div id=\"wpforms-639-field_8-container\" class=\"wpforms-field wpforms-field-select wpforms-field-select-style-classic\" data-field-id=\"8\"><label class=\"wpforms-field-label\" for=\"wpforms-639-field_8\">Ich interessiere mich f\u00fcr: <span class=\"wpforms-required-label\" aria-hidden=\"true\">*<\/span><\/label><select id=\"wpforms-639-field_8\" class=\"wpforms-field-medium wpforms-field-required\" name=\"wpforms[fields][8]\" required=\"required\"><option value=\"V400G Plus\"  class=\"choice-1 depth-1\"  >V400G Plus<\/option><option value=\"V500G Plus\"  class=\"choice-2 depth-1\"  >V500G Plus<\/option><option value=\"V650G Plus\"  class=\"choice-3 depth-1\"  >V650G Plus<\/option><option value=\"V850G Plus\"  class=\"choice-4 depth-1\"  >V850G Plus<\/option><\/select><div id=\"wpforms-639-field_8-description\" class=\"wpforms-field-description\">F\u00fcr welche Maschine interessieren Sie sich?<\/div><\/div><div id=\"wpforms-639-field_3-container\" class=\"wpforms-field wpforms-field-textarea\" data-field-id=\"3\"><label class=\"wpforms-field-label\" for=\"wpforms-639-field_3\">Kommentar oder Nachricht <span class=\"wpforms-required-label\" aria-hidden=\"true\">*<\/span><\/label><textarea id=\"wpforms-639-field_3\" class=\"wpforms-field-medium wpforms-field-required\" name=\"wpforms[fields][3]\" aria-errormessage=\"wpforms-639-field_3-error\" aria-describedby=\"wpforms-639-field_3-description\" required><\/textarea><div id=\"wpforms-639-field_3-description\" class=\"wpforms-field-description\">Z.b.: \r\nIch interessiere mich f\u00fcr die Maschine, k\u00f6nnen Sie mir weitere Informationen oder ein Angebot zukommen lassen.<\/div><\/div><div id=\"wpforms-639-field_12-container\" class=\"wpforms-field wpforms-field-radio\" data-field-id=\"12\"><fieldset><legend class=\"wpforms-field-label\">Datenschutz <span class=\"wpforms-required-label\" aria-hidden=\"true\">*<\/span><\/legend><ul id=\"wpforms-639-field_12\" class=\"wpforms-field-required\"><li class=\"choice-1 depth-1\"><input type=\"radio\" id=\"wpforms-639-field_12_1\" name=\"wpforms[fields][12]\" value=\"Ich willige hiermit ein, dass die Cut Solutions GmbH die zuvor eingegebenen Daten verwendet, um mich \u00fcber das angegebenen Produkt zu informieren.\" aria-errormessage=\"wpforms-639-field_12_1-error\" required ><label class=\"wpforms-field-label-inline\" for=\"wpforms-639-field_12_1\">Ich willige hiermit ein, dass die Cut Solutions GmbH die zuvor eingegebenen Daten verwendet, um mich \u00fcber das angegebenen Produkt zu informieren.<\/label><\/li><\/ul><\/fieldset><\/div><script>\n\t\t\t\t( function() {\n\t\t\t\t\tconst style = document.createElement( 'style' );\n\t\t\t\t\tstyle.appendChild( document.createTextNode( '#wpforms-639-field_6-container { position: absolute !important; overflow: hidden !important; display: inline !important; height: 1px !important; width: 1px !important; z-index: -1000 !important; padding: 0 !important; } #wpforms-639-field_6-container input { visibility: hidden; } #wpforms-conversational-form-page #wpforms-639-field_6-container label { counter-increment: none; }' ) );\n\t\t\t\t\tdocument.head.appendChild( style );\n\t\t\t\t\tdocument.currentScript?.remove();\n\t\t\t\t} )();\n\t\t\t<\/script><\/div><!-- .wpforms-field-container --><div class=\"wpforms-submit-container\" ><input type=\"hidden\" name=\"wpforms[id]\" value=\"639\"><input type=\"hidden\" name=\"page_title\" value=\"\"><input type=\"hidden\" name=\"page_url\" value=\"https:\/\/cut-solutions.com\/Consulting\/wp-json\/wp\/v2\/pages\/651\"><input type=\"hidden\" name=\"url_referer\" value=\"\"><button type=\"submit\" name=\"wpforms[submit]\" id=\"wpforms-submit-639\" class=\"wpforms-submit\" data-alt-text=\"Wird gesendet\u00a0\u2026\" data-submit-text=\"Absenden\" aria-live=\"assertive\" value=\"wpforms-submit\">Absenden<\/button><img loading=\"lazy\" decoding=\"async\" src=\"https:\/\/cut-solutions.com\/Consulting\/wp-content\/plugins\/wpforms-lite\/assets\/images\/submit-spin.svg\" class=\"wpforms-submit-spinner\" style=\"display: none;\" width=\"26\" height=\"26\" alt=\"Wird geladen\"><\/div><\/form><\/div>  <!-- .wpforms-container -->","protected":false},"excerpt":{"rendered":"<p>V500G Plus Technische Spezifikationen Maschine Maschinenabmessungen 2215 x 2478 x 2205 mm Maschinengewicht 3500 kg Tischbewegung von X\/Y 500 x 300 mm Z-Achsen-Verfahrweg 260 mm (220 mm im Wasserbad) Verfahrweg auf der U- und V-Achse 120 x 120 mm Maximaler Kegelwinkel \u00b126\u00b0\/ 100mm mit breiter Diamantf\u00fchrung und D\u00fcse Drahtdurchmesser 0,15 &#8211; 0,3 mm Anzahl der gesteuerten Achsen 5 Achsen AC-Servomotor Technische Spezifikationen Werkst\u00fcck Max. Werkst\u00fcckgr\u00f6\u00dfe 850 x 600 x 255 mm Max. Werkst\u00fcckgewicht 600 kg Technische Spezifikationen Tank Tankinhalt 750 Liter Deionisierer Auto Papierfilter 2 \/ St\u00fcck K\u00fchleinheit Auto Standardzubeh\u00f6r Haben wir Ihr Interesse geweckt? Schreiben Sie uns doch einfach an und fragen nach einem unverbindlichen Angebot.<\/p>\n","protected":false},"author":1,"featured_media":0,"parent":614,"menu_order":0,"comment_status":"closed","ping_status":"closed","template":"no-title","meta":{"nf_dc_page":"","footnotes":""},"class_list":["post-651","page","type-page","status-publish","hentry"],"jetpack_sharing_enabled":true,"_links":{"self":[{"href":"https:\/\/cut-solutions.com\/Consulting\/wp-json\/wp\/v2\/pages\/651","targetHints":{"allow":["GET"]}}],"collection":[{"href":"https:\/\/cut-solutions.com\/Consulting\/wp-json\/wp\/v2\/pages"}],"about":[{"href":"https:\/\/cut-solutions.com\/Consulting\/wp-json\/wp\/v2\/types\/page"}],"author":[{"embeddable":true,"href":"https:\/\/cut-solutions.com\/Consulting\/wp-json\/wp\/v2\/users\/1"}],"replies":[{"embeddable":true,"href":"https:\/\/cut-solutions.com\/Consulting\/wp-json\/wp\/v2\/comments?post=651"}],"version-history":[{"count":5,"href":"https:\/\/cut-solutions.com\/Consulting\/wp-json\/wp\/v2\/pages\/651\/revisions"}],"predecessor-version":[{"id":670,"href":"https:\/\/cut-solutions.com\/Consulting\/wp-json\/wp\/v2\/pages\/651\/revisions\/670"}],"up":[{"embeddable":true,"href":"https:\/\/cut-solutions.com\/Consulting\/wp-json\/wp\/v2\/pages\/614"}],"wp:attachment":[{"href":"https:\/\/cut-solutions.com\/Consulting\/wp-json\/wp\/v2\/media?parent=651"}],"curies":[{"name":"wp","href":"https:\/\/api.w.org\/{rel}","templated":true}]}}