{"id":241,"date":"2024-09-11T14:37:24","date_gmt":"2024-09-11T14:37:24","guid":{"rendered":"https:\/\/cut-solutions.com\/Consulting\/?page_id=241"},"modified":"2024-11-14T10:31:43","modified_gmt":"2024-11-14T10:31:43","slug":"impressum","status":"publish","type":"page","link":"https:\/\/cut-solutions.com\/Consulting\/impressum\/","title":{"rendered":"Impressum"},"content":{"rendered":"\n<h1 class=\" wp-block-heading\" id=\"cc-m-header-11333568495\">Informationen &amp; Kontakt<\/h1>\n\n\n\n<p class=\"\">Verantwortlich f\u00fcr Inhalt und Gestaltung:<\/p>\n\n\n\n<p class=\"\">Daniel Glanz<\/p>\n\n\n\n<p class=\"\">Cut Solutions GmbH<\/p>\n\n\n\n<p class=\"\">Marie-Bernays-Ring 7<\/p>\n\n\n\n<p class=\"\">41199 M\u00f6nchengladbach<\/p>\n\n\n\n<div style=\"height:50px\" aria-hidden=\"true\" class=\"wp-block-spacer\"><\/div>\n\n\n\n<p class=\"\">Gesch\u00e4ftsf\u00fchrer:<\/p>\n\n\n\n<p class=\"\">Klaus Glanz<\/p>\n\n\n\n<p class=\"\">Cut Solutions GmbH<\/p>\n\n\n\n<p class=\"\">Marie-Bernays-Ring 7<\/p>\n\n\n\n<p class=\"\">41199 M\u00f6nchengladbach<\/p>\n\n\n\n<p class=\"\">USt.-IdNr.: DE 261485381, HRB 12805<\/p>\n\n\n\n<p class=\"\">Finanzamt M\u00f6nchengladbach<\/p>\n\n\n\n<div style=\"height:50px\" aria-hidden=\"true\" class=\"wp-block-spacer\"><\/div>\n\n\n\n<p class=\"\">Wir erstellen die Inhalte unserer Website mit der gebotenen Sorgfalt. F\u00fcr die Richtigkeit, Vollst\u00e4ndigkeit und Aktualit\u00e4t der Inhalte k\u00f6nnen wir jedoch keine Gew\u00e4hr \u00fcbernehmen. Gem\u00e4\u00df \u00a7 7 Abs. 1 TMG sind wir nach den allgemeinen Gesetzen f\u00fcr unsere eigenen Inhalte verantwortlich. F\u00fcr Entscheidungen, die der Verwender aufgrund der vorgenannten Informationen trifft, \u00fcbernehmen wir keine Verantwortung. Downloads und Kopieren von Seiten, Bildern und\/oder Texten unterliegen dem Urheberrecht und sind nur mit schriftlicher Genehmigung der Cut Solutions&nbsp;GmbH gestattet.<\/p>\n\n\n\n<div style=\"height:50px\" aria-hidden=\"true\" class=\"wp-block-spacer\"><\/div>\n\n\n\n<h1 class=\" wp-block-heading\" id=\"cc-m-header-11333568295\">Kontakt<\/h1>\n\n\n\n<p class=\"\">Adresse:<\/p>\n\n\n\n<p class=\"\">Cut Solutions GmbH<\/p>\n\n\n\n<p class=\"\">Marie-Bernays-Ring 7<\/p>\n\n\n\n<p class=\"\">41199 M\u00f6nchengladbach<\/p>\n\n\n\n<p class=\"\">Deutschland<\/p>\n\n\n\n<div style=\"height:50px\" aria-hidden=\"true\" class=\"wp-block-spacer\"><\/div>\n\n\n\n<p class=\"\">Bei Interesse schreiben Sie uns bitte Ihre Anfrage per E-mail unter: info @ cutsolutions.com<br><\/p>\n\n\n\n<p class=\"\">Sie k\u00f6nnen uns auch telefonisch erreichen unter: +49 2166 6735751 oder Fax.: +49 2166 6771001<br><\/p>\n\n\n\n<p class=\"\">Rechnungsanschrift:<\/p>\n\n\n\n<p class=\"\">Marie-Bernays-Ring 7<\/p>\n\n\n\n<p class=\"\">41199 M\u00f6nchengladbach<br><\/p>\n\n\n\n<p class=\"\">Vorf\u00fchrzentrum und Projektfertigung:<\/p>\n\n\n\n<p class=\"\">Marie-Bernays-Ring 7<\/p>\n\n\n\n<p class=\"\">41199 M\u00f6nchengladbach<\/p>\n\n\n\n<div style=\"height:50px\" aria-hidden=\"true\" class=\"wp-block-spacer\"><\/div>\n\n\n\n<p class=\"\">Mit einem Urteil vom 12. Mai 1998 hat das Landgericht Hamburg entschieden, dass man durch die Ausbringung eines Links die Inhalte der gelinkten Seite ggf. mit zu verantworten hat. Dies kann laut Landgericht nur dadurch verhindert werden, dass man sich ausdr\u00fccklich von diesen Inhalten distanziert. Hiermit distanzieren wir uns ausdr\u00fccklich vom Inhalt aller auf unseren Seiten enthaltenen Links und Verweise!<\/p>\n\n\n\n<p class=\"\">F\u00fcr den Inhalt unserer Internetseiten \u00fcbernehmen wir keine Gew\u00e4hr hinsichtlich Vollst\u00e4ndigkeit, Korrektheit und Aktualit\u00e4t.<\/p>\n","protected":false},"excerpt":{"rendered":"<p>Informationen &amp; Kontakt Verantwortlich f\u00fcr Inhalt und Gestaltung: Daniel Glanz Cut Solutions GmbH Marie-Bernays-Ring 7 41199 M\u00f6nchengladbach Gesch\u00e4ftsf\u00fchrer: Klaus Glanz Cut Solutions GmbH Marie-Bernays-Ring 7 41199 M\u00f6nchengladbach USt.-IdNr.: DE 261485381, HRB 12805 Finanzamt M\u00f6nchengladbach Wir erstellen die Inhalte unserer Website mit der gebotenen Sorgfalt. F\u00fcr die Richtigkeit, Vollst\u00e4ndigkeit und Aktualit\u00e4t der Inhalte k\u00f6nnen wir jedoch keine Gew\u00e4hr \u00fcbernehmen. Gem\u00e4\u00df \u00a7 7 Abs. 1 TMG sind wir nach den allgemeinen Gesetzen f\u00fcr unsere eigenen Inhalte verantwortlich. F\u00fcr Entscheidungen, die der Verwender aufgrund der vorgenannten Informationen trifft, \u00fcbernehmen wir keine Verantwortung. Downloads und Kopieren von Seiten, Bildern und\/oder Texten unterliegen dem Urheberrecht und sind nur mit schriftlicher Genehmigung der Cut Solutions&nbsp;GmbH gestattet. Kontakt Adresse: Cut Solutions GmbH Marie-Bernays-Ring 7 41199 M\u00f6nchengladbach Deutschland Bei Interesse schreiben Sie uns bitte Ihre Anfrage per E-mail unter: info @ cutsolutions.com Sie k\u00f6nnen uns auch telefonisch erreichen unter: +49 2166 6735751 oder Fax.: +49 2166 6771001 Rechnungsanschrift: Marie-Bernays-Ring 7 41199 M\u00f6nchengladbach Vorf\u00fchrzentrum und Projektfertigung: Marie-Bernays-Ring 7 41199 M\u00f6nchengladbach Mit einem Urteil vom 12. Mai 1998 hat das Landgericht Hamburg entschieden, dass man durch die Ausbringung eines Links die Inhalte der gelinkten Seite ggf. mit zu verantworten hat. Dies kann laut Landgericht nur dadurch verhindert werden, dass man sich ausdr\u00fccklich von diesen Inhalten distanziert. Hiermit distanzieren wir uns ausdr\u00fccklich vom Inhalt aller auf unseren Seiten enthaltenen Links und Verweise! F\u00fcr den Inhalt unserer Internetseiten \u00fcbernehmen wir keine Gew\u00e4hr hinsichtlich Vollst\u00e4ndigkeit, Korrektheit und Aktualit\u00e4t.<\/p>\n","protected":false},"author":1,"featured_media":0,"parent":0,"menu_order":0,"comment_status":"closed","ping_status":"closed","template":"no-title","meta":{"nf_dc_page":"","footnotes":""},"class_list":["post-241","page","type-page","status-publish","hentry"],"jetpack_sharing_enabled":true,"_links":{"self":[{"href":"https:\/\/cut-solutions.com\/Consulting\/wp-json\/wp\/v2\/pages\/241","targetHints":{"allow":["GET"]}}],"collection":[{"href":"https:\/\/cut-solutions.com\/Consulting\/wp-json\/wp\/v2\/pages"}],"about":[{"href":"https:\/\/cut-solutions.com\/Consulting\/wp-json\/wp\/v2\/types\/page"}],"author":[{"embeddable":true,"href":"https:\/\/cut-solutions.com\/Consulting\/wp-json\/wp\/v2\/users\/1"}],"replies":[{"embeddable":true,"href":"https:\/\/cut-solutions.com\/Consulting\/wp-json\/wp\/v2\/comments?post=241"}],"version-history":[{"count":9,"href":"https:\/\/cut-solutions.com\/Consulting\/wp-json\/wp\/v2\/pages\/241\/revisions"}],"predecessor-version":[{"id":1008,"href":"https:\/\/cut-solutions.com\/Consulting\/wp-json\/wp\/v2\/pages\/241\/revisions\/1008"}],"wp:attachment":[{"href":"https:\/\/cut-solutions.com\/Consulting\/wp-json\/wp\/v2\/media?parent=241"}],"curies":[{"name":"wp","href":"https:\/\/api.w.org\/{rel}","templated":true}]}}