{"id":201,"date":"2024-09-11T10:56:59","date_gmt":"2024-09-11T10:56:59","guid":{"rendered":"https:\/\/cut-solutions.com\/Consulting\/?page_id=201"},"modified":"2024-10-07T08:50:10","modified_gmt":"2024-10-07T08:50:10","slug":"schweissen","status":"publish","type":"page","link":"https:\/\/cut-solutions.com\/Consulting\/schweissen\/","title":{"rendered":"Schwei\u00dfen"},"content":{"rendered":"\n<div class=\"wp-block-cover alignfull is-light\" style=\"min-height:600px;aspect-ratio:unset;\"><span aria-hidden=\"true\" class=\"wp-block-cover__background has-background-dim\" style=\"background-color:#FFF\"><\/span><video class=\"wp-block-cover__video-background intrinsic-ignore\" autoplay muted loop playsinline src=\"https:\/\/cut-solutions.com\/Consulting\/wp-content\/uploads\/2024\/10\/OR-HW3000W-Demo-Schweissen-Video.mp4\" style=\"object-position:48% 36%\" data-object-fit=\"cover\" data-object-position=\"48% 36%\"><\/video><div class=\"wp-block-cover__inner-container is-layout-flow wp-block-cover-is-layout-flow\">\n<p class=\"has-text-align-center has-large-font-size\">Laserschwei\u00dfen<\/p>\n\n\n\n<p class=\"has-text-align-center\">Das&nbsp;Laserstrahlschwei\u00dfen ist ein&nbsp;Schwei\u00dfverfahren. Die Energiezuf\u00fchrung erfolgt \u00fcber einen&nbsp;Laser. Es wird vor allem zum Verschwei\u00dfen von Bauteilen eingesetzt, die mit hoher Schwei\u00dfgeschwindigkeit, schmaler und schlanker Schwei\u00dfnahtform und mit geringem thermischem Verzug gef\u00fcgt werden m\u00fcssen. Das h\u00e4ufig auch&nbsp;Laserschwei\u00dfen&nbsp;genannte Verfahren wird in der Regel ohne einen Zusatzwerkstoff ausgef\u00fchrt.<\/p>\n<\/div><\/div>\n\n\n\n<div class=\"wp-block-media-text is-stacked-on-mobile\" style=\"grid-template-columns:25% auto\"><figure class=\"wp-block-media-text__media\"><img data-recalc-dims=\"1\" decoding=\"async\" width=\"200\" height=\"100\" src=\"https:\/\/i0.wp.com\/cut-solutions.com\/Consulting\/wp-content\/uploads\/2024\/09\/Aore-logo-IMS-1.jpg?resize=200%2C100&#038;ssl=1\" alt=\"\" class=\"wp-image-189 size-full\"\/><\/figure><div class=\"wp-block-media-text__content\">\n<h2 class=\"wp-block-heading nfd-text-huge nfd-text-primary nfd-text-balance\">Ihr Spezialist f\u00fcr Laserschwei\u00dfen<\/h2>\n\n\n\n<p class=\"\">Aore Laser Technology Group Co., Ltd. ist ein Unternehmen, das Forschung und Entwicklung sowie Produktion und Vertrieb von Laserger\u00e4ten vereint und weltweite Anwender mit Komplettl\u00f6sungen versorgt. Zu den Hauptprodukten z\u00e4hlen Laserschneidmaschinen, Laserschwei\u00dfmaschinen, Laserreinigungsmaschinen usw. Das Unternehmen verf\u00fcgt \u00fcber professionelles Servicepersonal in Englisch, Spanisch, Koreanisch, Portugiesisch und anderen Sprachen und bietet Schulungen zur Installation vor Ort sowie rund um die Uhr verf\u00fcgbare Online-Dienste.&nbsp;<\/p>\n<\/div><\/div>\n\n\n\n<div class=\"nfd-container nfd-p-lg nfd-theme-light nfd-bg-surface is-style-nfd-theme-light wp-block-group is-layout-constrained wp-block-group-is-layout-constrained\">\n<h2 class=\"wp-block-heading\">HW-C Serie<\/h2>\n\n\n\n<div class=\"nfd-gap-y-2xl wp-block-columns are-vertically-aligned-top is-layout-flex wp-container-core-columns-is-layout-730ec5d8 wp-block-columns-is-layout-flex\" style=\"padding-top:0;padding-right:0;padding-bottom:0;padding-left:0\">\n<div class=\"wp-block-column is-vertically-aligned-top is-layout-flow wp-container-core-column-is-layout-8a368f38 wp-block-column-is-layout-flow\">\n<div class=\"nfd-theme-white nfd-bg-surface nfd-gap-0 nfd-shadow-xs nfd-rounded wp-block-group is-vertical is-content-justification-center is-layout-flex wp-container-core-group-is-layout-4f05d86a wp-block-group-is-layout-flex\" style=\"padding-top:4px;padding-right:4px;padding-bottom:4px;padding-left:4px\">\n<figure class=\"nfd-rounded-sm wp-block-image size-full\"><img data-recalc-dims=\"1\" fetchpriority=\"high\" decoding=\"async\" width=\"469\" height=\"387\" src=\"https:\/\/i0.wp.com\/cut-solutions.com\/Consulting\/wp-content\/uploads\/2024\/09\/HW-C-Serie.png?resize=469%2C387&#038;ssl=1\" alt=\"\" class=\"wp-image-487\" style=\"aspect-ratio:1;object-fit:contain\" srcset=\"https:\/\/i0.wp.com\/cut-solutions.com\/Consulting\/wp-content\/uploads\/2024\/09\/HW-C-Serie.png?w=469&amp;ssl=1 469w, https:\/\/i0.wp.com\/cut-solutions.com\/Consulting\/wp-content\/uploads\/2024\/09\/HW-C-Serie.png?resize=300%2C248&amp;ssl=1 300w\" sizes=\"(max-width: 469px) 100vw, 469px\" \/><\/figure>\n\n\n\n<div class=\"nfd-gap-md nfd-p-card-sm wp-block-group is-vertical is-content-justification-stretch is-layout-flex wp-container-core-group-is-layout-353c4f5a wp-block-group-is-layout-flex\">\n<div class=\"nfd-gap-0 wp-block-group is-vertical is-content-justification-stretch is-layout-flex wp-container-core-group-is-layout-353c4f5a wp-block-group-is-layout-flex\">\n<p class=\"nfd-text-md has-text-align-center\"><strong>HW-C 1000<\/strong><\/p>\n\n\n\n<p class=\"nfd-text-sm nfd-text-faded has-text-align-center\">Laserleistung 1.000W<br>Laserwellenl\u00e4nge 1064+\/-10nm<br>Maschinenleistung 5,5km<br>Maschinengr\u00f6\u00dfe 1000 x 630 x 910mm<\/p>\n<\/div>\n<\/div>\n<\/div>\n<\/div>\n\n\n\n<div class=\"wp-block-column is-vertically-aligned-top is-layout-flow wp-container-core-column-is-layout-8a368f38 wp-block-column-is-layout-flow\">\n<div class=\"nfd-theme-white nfd-bg-surface nfd-gap-0 nfd-shadow-xs nfd-rounded wp-block-group is-vertical is-content-justification-center is-layout-flex wp-container-core-group-is-layout-4f05d86a wp-block-group-is-layout-flex\" style=\"padding-top:4px;padding-right:4px;padding-bottom:4px;padding-left:4px\">\n<figure class=\"nfd-rounded-sm wp-block-image size-full\"><img data-recalc-dims=\"1\" fetchpriority=\"high\" decoding=\"async\" width=\"469\" height=\"387\" src=\"https:\/\/i0.wp.com\/cut-solutions.com\/Consulting\/wp-content\/uploads\/2024\/09\/HW-C-Serie.png?resize=469%2C387&#038;ssl=1\" alt=\"\" class=\"wp-image-487\" style=\"aspect-ratio:1;object-fit:contain\" srcset=\"https:\/\/i0.wp.com\/cut-solutions.com\/Consulting\/wp-content\/uploads\/2024\/09\/HW-C-Serie.png?w=469&amp;ssl=1 469w, https:\/\/i0.wp.com\/cut-solutions.com\/Consulting\/wp-content\/uploads\/2024\/09\/HW-C-Serie.png?resize=300%2C248&amp;ssl=1 300w\" sizes=\"(max-width: 469px) 100vw, 469px\" \/><\/figure>\n\n\n\n<div class=\"nfd-gap-md nfd-p-card-sm wp-block-group is-vertical is-content-justification-stretch is-layout-flex wp-container-core-group-is-layout-353c4f5a wp-block-group-is-layout-flex\">\n<div class=\"nfd-gap-0 wp-block-group is-vertical is-content-justification-stretch is-layout-flex wp-container-core-group-is-layout-353c4f5a wp-block-group-is-layout-flex\">\n<p class=\"nfd-text-md has-text-align-center\"><strong>HW-C 2000<\/strong><\/p>\n\n\n\n<p class=\"nfd-text-sm nfd-text-faded has-text-align-center\">Laserleistung 2.000W<br>Laserwellenl\u00e4nge 1064+\/-10nm<br>Maschinenleistung 5,5km<br>Maschinengr\u00f6\u00dfe 1000 x 630 x 910mm<\/p>\n<\/div>\n<\/div>\n<\/div>\n<\/div>\n\n\n\n<div class=\"wp-block-column is-vertically-aligned-top is-layout-flow wp-container-core-column-is-layout-8a368f38 wp-block-column-is-layout-flow\">\n<div class=\"nfd-theme-white nfd-bg-surface nfd-gap-0 nfd-shadow-xs nfd-rounded wp-block-group is-vertical is-content-justification-center is-layout-flex wp-container-core-group-is-layout-4f05d86a wp-block-group-is-layout-flex\" style=\"padding-top:4px;padding-right:4px;padding-bottom:4px;padding-left:4px\">\n<figure class=\"nfd-rounded-sm wp-block-image size-full\"><img data-recalc-dims=\"1\" fetchpriority=\"high\" decoding=\"async\" width=\"469\" height=\"387\" src=\"https:\/\/i0.wp.com\/cut-solutions.com\/Consulting\/wp-content\/uploads\/2024\/09\/HW-C-Serie.png?resize=469%2C387&#038;ssl=1\" alt=\"\" class=\"wp-image-487\" style=\"aspect-ratio:1;object-fit:contain\" srcset=\"https:\/\/i0.wp.com\/cut-solutions.com\/Consulting\/wp-content\/uploads\/2024\/09\/HW-C-Serie.png?w=469&amp;ssl=1 469w, https:\/\/i0.wp.com\/cut-solutions.com\/Consulting\/wp-content\/uploads\/2024\/09\/HW-C-Serie.png?resize=300%2C248&amp;ssl=1 300w\" sizes=\"(max-width: 469px) 100vw, 469px\" \/><\/figure>\n\n\n\n<div class=\"nfd-gap-md nfd-p-card-sm wp-block-group is-vertical is-content-justification-stretch is-layout-flex wp-container-core-group-is-layout-353c4f5a wp-block-group-is-layout-flex\">\n<div class=\"nfd-gap-0 wp-block-group is-vertical is-content-justification-stretch is-layout-flex wp-container-core-group-is-layout-353c4f5a wp-block-group-is-layout-flex\">\n<p class=\"nfd-text-md has-text-align-center\"><strong>HW-C 3000<\/strong><\/p>\n\n\n\n<p class=\"nfd-text-sm nfd-text-faded has-text-align-center\">Laserleistung 3.000W<br>Laserwellenl\u00e4nge 1064+\/-10nm<br>Maschinenleistung 5,5km<br>Maschinengr\u00f6\u00dfe 1200 x 630 x 960mm<\/p>\n<\/div>\n<\/div>\n<\/div>\n<\/div>\n<\/div>\n\n\n\n<div class=\"wp-block-cover aligncenter\" style=\"min-height:353px;aspect-ratio:unset;\"><span aria-hidden=\"true\" class=\"wp-block-cover__background has-background-dim\" style=\"background-color:#345068\"><\/span><img data-recalc-dims=\"1\" decoding=\"async\" width=\"1599\" height=\"520\" class=\"wp-block-cover__image-background wp-image-490\" alt=\"\" src=\"https:\/\/i0.wp.com\/cut-solutions.com\/Consulting\/wp-content\/uploads\/2024\/09\/HW-C-Serie-Kuehler.jpg?resize=1599%2C520&#038;ssl=1\" style=\"object-position:50% 0%\" data-object-fit=\"cover\" data-object-position=\"50% 0%\" srcset=\"https:\/\/i0.wp.com\/cut-solutions.com\/Consulting\/wp-content\/uploads\/2024\/09\/HW-C-Serie-Kuehler.jpg?w=1599&amp;ssl=1 1599w, https:\/\/i0.wp.com\/cut-solutions.com\/Consulting\/wp-content\/uploads\/2024\/09\/HW-C-Serie-Kuehler.jpg?resize=300%2C98&amp;ssl=1 300w, https:\/\/i0.wp.com\/cut-solutions.com\/Consulting\/wp-content\/uploads\/2024\/09\/HW-C-Serie-Kuehler.jpg?resize=1024%2C333&amp;ssl=1 1024w, https:\/\/i0.wp.com\/cut-solutions.com\/Consulting\/wp-content\/uploads\/2024\/09\/HW-C-Serie-Kuehler.jpg?resize=768%2C250&amp;ssl=1 768w, https:\/\/i0.wp.com\/cut-solutions.com\/Consulting\/wp-content\/uploads\/2024\/09\/HW-C-Serie-Kuehler.jpg?resize=1536%2C500&amp;ssl=1 1536w, https:\/\/i0.wp.com\/cut-solutions.com\/Consulting\/wp-content\/uploads\/2024\/09\/HW-C-Serie-Kuehler.jpg?resize=600%2C195&amp;ssl=1 600w\" sizes=\"(max-width: 1000px) 100vw, 1000px\" \/><div class=\"wp-block-cover__inner-container is-layout-flow wp-block-cover-is-layout-flow\">\n<p class=\"has-text-align-center has-large-font-size\"><\/p>\n<\/div><\/div>\n<\/div>\n\n\n\n<div class=\"nfd-container nfd-p-lg nfd-theme-light nfd-bg-surface is-style-nfd-theme-light wp-block-group is-layout-constrained wp-block-group-is-layout-constrained\">\n<h2 class=\"wp-block-heading\">HW-D Serie<\/h2>\n\n\n\n<div class=\"nfd-gap-y-2xl wp-block-columns are-vertically-aligned-top is-layout-flex wp-container-core-columns-is-layout-730ec5d8 wp-block-columns-is-layout-flex\" style=\"padding-top:0;padding-right:0;padding-bottom:0;padding-left:0\">\n<div class=\"wp-block-column is-vertically-aligned-top is-layout-flow wp-container-core-column-is-layout-8a368f38 wp-block-column-is-layout-flow\">\n<div class=\"nfd-theme-white nfd-bg-surface nfd-gap-0 nfd-shadow-xs nfd-rounded wp-block-group is-vertical is-content-justification-center is-layout-flex wp-container-core-group-is-layout-4f05d86a wp-block-group-is-layout-flex\" style=\"padding-top:4px;padding-right:4px;padding-bottom:4px;padding-left:4px\">\n<figure class=\"nfd-rounded-sm wp-block-image size-full\"><img data-recalc-dims=\"1\" loading=\"lazy\" decoding=\"async\" width=\"649\" height=\"665\" src=\"https:\/\/i0.wp.com\/cut-solutions.com\/Consulting\/wp-content\/uploads\/2024\/09\/HW-D-Serie-Geraet.jpg?resize=649%2C665&#038;ssl=1\" alt=\"\" class=\"wp-image-494\" style=\"aspect-ratio:1;object-fit:contain\" srcset=\"https:\/\/i0.wp.com\/cut-solutions.com\/Consulting\/wp-content\/uploads\/2024\/09\/HW-D-Serie-Geraet.jpg?w=649&amp;ssl=1 649w, https:\/\/i0.wp.com\/cut-solutions.com\/Consulting\/wp-content\/uploads\/2024\/09\/HW-D-Serie-Geraet.jpg?resize=293%2C300&amp;ssl=1 293w, https:\/\/i0.wp.com\/cut-solutions.com\/Consulting\/wp-content\/uploads\/2024\/09\/HW-D-Serie-Geraet.jpg?resize=600%2C615&amp;ssl=1 600w\" sizes=\"(max-width: 649px) 100vw, 649px\" \/><\/figure>\n\n\n\n<div class=\"nfd-gap-md nfd-p-card-sm wp-block-group is-vertical is-content-justification-stretch is-layout-flex wp-container-core-group-is-layout-353c4f5a wp-block-group-is-layout-flex\">\n<div class=\"nfd-gap-0 wp-block-group is-vertical is-content-justification-stretch is-layout-flex wp-container-core-group-is-layout-353c4f5a wp-block-group-is-layout-flex\">\n<p class=\"nfd-text-md has-text-align-center\"><strong>HW-D 1500<\/strong><\/p>\n\n\n\n<p class=\"nfd-text-sm nfd-text-faded has-text-align-center\">Laserleistung 1.500W<br>Laserwellenl\u00e4nge 1064+\/-10nm<br>Schwei\u00dfgeschwindigkeit 0-120mm\/s<\/p>\n<\/div>\n<\/div>\n<\/div>\n<\/div>\n\n\n\n<div class=\"wp-block-column is-vertically-aligned-top is-layout-flow wp-container-core-column-is-layout-8a368f38 wp-block-column-is-layout-flow\">\n<div class=\"nfd-theme-white nfd-bg-surface nfd-gap-0 nfd-shadow-xs nfd-rounded wp-block-group is-vertical is-content-justification-center is-layout-flex wp-container-core-group-is-layout-4f05d86a wp-block-group-is-layout-flex\" style=\"padding-top:4px;padding-right:4px;padding-bottom:4px;padding-left:4px\">\n<figure class=\"nfd-rounded-sm wp-block-image size-full\"><img data-recalc-dims=\"1\" loading=\"lazy\" decoding=\"async\" width=\"649\" height=\"665\" src=\"https:\/\/i0.wp.com\/cut-solutions.com\/Consulting\/wp-content\/uploads\/2024\/09\/HW-D-Serie-Geraet.jpg?resize=649%2C665&#038;ssl=1\" alt=\"\" class=\"wp-image-494\" style=\"aspect-ratio:1;object-fit:contain\" srcset=\"https:\/\/i0.wp.com\/cut-solutions.com\/Consulting\/wp-content\/uploads\/2024\/09\/HW-D-Serie-Geraet.jpg?w=649&amp;ssl=1 649w, https:\/\/i0.wp.com\/cut-solutions.com\/Consulting\/wp-content\/uploads\/2024\/09\/HW-D-Serie-Geraet.jpg?resize=293%2C300&amp;ssl=1 293w, https:\/\/i0.wp.com\/cut-solutions.com\/Consulting\/wp-content\/uploads\/2024\/09\/HW-D-Serie-Geraet.jpg?resize=600%2C615&amp;ssl=1 600w\" sizes=\"(max-width: 649px) 100vw, 649px\" \/><\/figure>\n\n\n\n<div class=\"nfd-gap-md nfd-p-card-sm wp-block-group is-vertical is-content-justification-stretch is-layout-flex wp-container-core-group-is-layout-353c4f5a wp-block-group-is-layout-flex\">\n<div class=\"nfd-gap-0 wp-block-group is-vertical is-content-justification-stretch is-layout-flex wp-container-core-group-is-layout-353c4f5a wp-block-group-is-layout-flex\">\n<p class=\"nfd-text-md has-text-align-center\"><strong>HW-D 2000<\/strong><\/p>\n\n\n\n<p class=\"nfd-text-sm nfd-text-faded has-text-align-center\">Laserleistung 2.000W<br>Laserwellenl\u00e4nge 1064+\/-10nm<br>Schwei\u00dfgeschwindigkeit 0-120mm\/s<\/p>\n<\/div>\n<\/div>\n<\/div>\n<\/div>\n\n\n\n<div class=\"wp-block-column is-vertically-aligned-top is-layout-flow wp-container-core-column-is-layout-8a368f38 wp-block-column-is-layout-flow\">\n<div class=\"nfd-theme-white nfd-bg-surface nfd-gap-0 nfd-shadow-xs nfd-rounded wp-block-group is-vertical is-content-justification-center is-layout-flex wp-container-core-group-is-layout-4f05d86a wp-block-group-is-layout-flex\" style=\"padding-top:4px;padding-right:4px;padding-bottom:4px;padding-left:4px\">\n<figure class=\"nfd-rounded-sm wp-block-image size-full\"><img data-recalc-dims=\"1\" loading=\"lazy\" decoding=\"async\" width=\"649\" height=\"665\" src=\"https:\/\/i0.wp.com\/cut-solutions.com\/Consulting\/wp-content\/uploads\/2024\/09\/HW-D-Serie-Geraet.jpg?resize=649%2C665&#038;ssl=1\" alt=\"\" class=\"wp-image-494\" style=\"aspect-ratio:1;object-fit:contain\" srcset=\"https:\/\/i0.wp.com\/cut-solutions.com\/Consulting\/wp-content\/uploads\/2024\/09\/HW-D-Serie-Geraet.jpg?w=649&amp;ssl=1 649w, https:\/\/i0.wp.com\/cut-solutions.com\/Consulting\/wp-content\/uploads\/2024\/09\/HW-D-Serie-Geraet.jpg?resize=293%2C300&amp;ssl=1 293w, https:\/\/i0.wp.com\/cut-solutions.com\/Consulting\/wp-content\/uploads\/2024\/09\/HW-D-Serie-Geraet.jpg?resize=600%2C615&amp;ssl=1 600w\" sizes=\"(max-width: 649px) 100vw, 649px\" \/><\/figure>\n\n\n\n<div class=\"nfd-gap-md nfd-p-card-sm wp-block-group is-vertical is-content-justification-stretch is-layout-flex wp-container-core-group-is-layout-353c4f5a wp-block-group-is-layout-flex\">\n<div class=\"nfd-gap-0 wp-block-group is-vertical is-content-justification-stretch is-layout-flex wp-container-core-group-is-layout-353c4f5a wp-block-group-is-layout-flex\">\n<p class=\"nfd-text-md has-text-align-center\"><strong>HW-D 3000<\/strong><\/p>\n\n\n\n<p class=\"nfd-text-sm nfd-text-faded has-text-align-center\">Laserleistung 3.000W<br>Laserwellenl\u00e4nge 1064+\/-10nm<br>Schwei\u00dfgeschwindigkeit 0-120mm\/s<\/p>\n<\/div>\n<\/div>\n<\/div>\n<\/div>\n<\/div>\n\n\n\n<div class=\"wp-block-cover aligncenter\" style=\"min-height:408px;aspect-ratio:unset;\"><span aria-hidden=\"true\" class=\"wp-block-cover__background has-background-dim\" style=\"background-color:#345068\"><\/span><img data-recalc-dims=\"1\" loading=\"lazy\" decoding=\"async\" width=\"1599\" height=\"634\" class=\"wp-block-cover__image-background wp-image-493\" alt=\"\" src=\"https:\/\/i0.wp.com\/cut-solutions.com\/Consulting\/wp-content\/uploads\/2024\/09\/HW-D-Serie.jpg?resize=1599%2C634&#038;ssl=1\" style=\"object-position:50% 71%\" data-object-fit=\"cover\" data-object-position=\"50% 71%\" srcset=\"https:\/\/i0.wp.com\/cut-solutions.com\/Consulting\/wp-content\/uploads\/2024\/09\/HW-D-Serie.jpg?w=1599&amp;ssl=1 1599w, https:\/\/i0.wp.com\/cut-solutions.com\/Consulting\/wp-content\/uploads\/2024\/09\/HW-D-Serie.jpg?resize=300%2C119&amp;ssl=1 300w, https:\/\/i0.wp.com\/cut-solutions.com\/Consulting\/wp-content\/uploads\/2024\/09\/HW-D-Serie.jpg?resize=1024%2C406&amp;ssl=1 1024w, https:\/\/i0.wp.com\/cut-solutions.com\/Consulting\/wp-content\/uploads\/2024\/09\/HW-D-Serie.jpg?resize=768%2C305&amp;ssl=1 768w, https:\/\/i0.wp.com\/cut-solutions.com\/Consulting\/wp-content\/uploads\/2024\/09\/HW-D-Serie.jpg?resize=1536%2C609&amp;ssl=1 1536w, https:\/\/i0.wp.com\/cut-solutions.com\/Consulting\/wp-content\/uploads\/2024\/09\/HW-D-Serie.jpg?resize=600%2C238&amp;ssl=1 600w\" sizes=\"(max-width: 1000px) 100vw, 1000px\" \/><div class=\"wp-block-cover__inner-container is-layout-flow wp-block-cover-is-layout-flow\">\n<p class=\"has-text-align-center has-large-font-size\"><\/p>\n<\/div><\/div>\n<\/div>\n\n\n\n<figure class=\"wp-block-image aligncenter size-large\"><img data-recalc-dims=\"1\" loading=\"lazy\" decoding=\"async\" width=\"1024\" height=\"469\" src=\"https:\/\/i0.wp.com\/cut-solutions.com\/Consulting\/wp-content\/uploads\/2024\/09\/HW-D-Kuehlung.jpg?resize=1024%2C469&#038;ssl=1\" alt=\"\" class=\"wp-image-496\" srcset=\"https:\/\/i0.wp.com\/cut-solutions.com\/Consulting\/wp-content\/uploads\/2024\/09\/HW-D-Kuehlung.jpg?resize=1024%2C469&amp;ssl=1 1024w, https:\/\/i0.wp.com\/cut-solutions.com\/Consulting\/wp-content\/uploads\/2024\/09\/HW-D-Kuehlung.jpg?resize=300%2C138&amp;ssl=1 300w, https:\/\/i0.wp.com\/cut-solutions.com\/Consulting\/wp-content\/uploads\/2024\/09\/HW-D-Kuehlung.jpg?resize=768%2C352&amp;ssl=1 768w, https:\/\/i0.wp.com\/cut-solutions.com\/Consulting\/wp-content\/uploads\/2024\/09\/HW-D-Kuehlung.jpg?resize=600%2C275&amp;ssl=1 600w, https:\/\/i0.wp.com\/cut-solutions.com\/Consulting\/wp-content\/uploads\/2024\/09\/HW-D-Kuehlung.jpg?w=1429&amp;ssl=1 1429w\" sizes=\"(max-width: 1000px) 100vw, 1000px\" \/><\/figure>\n","protected":false},"excerpt":{"rendered":"<p>Ihr Spezialist f\u00fcr Laserschwei\u00dfen Aore Laser Technology Group Co., Ltd. ist ein Unternehmen, das Forschung und Entwicklung sowie Produktion und Vertrieb von Laserger\u00e4ten vereint und weltweite Anwender mit Komplettl\u00f6sungen versorgt. Zu den Hauptprodukten z\u00e4hlen Laserschneidmaschinen, Laserschwei\u00dfmaschinen, Laserreinigungsmaschinen usw. Das Unternehmen verf\u00fcgt \u00fcber professionelles Servicepersonal in Englisch, Spanisch, Koreanisch, Portugiesisch und anderen Sprachen und bietet Schulungen zur Installation vor Ort sowie rund um die Uhr verf\u00fcgbare Online-Dienste.&nbsp; HW-C Serie HW-C 1000 Laserleistung 1.000WLaserwellenl\u00e4nge 1064+\/-10nmMaschinenleistung 5,5kmMaschinengr\u00f6\u00dfe 1000 x 630 x 910mm HW-C 2000 Laserleistung 2.000WLaserwellenl\u00e4nge 1064+\/-10nmMaschinenleistung 5,5kmMaschinengr\u00f6\u00dfe 1000 x 630 x 910mm HW-C 3000 Laserleistung 3.000WLaserwellenl\u00e4nge 1064+\/-10nmMaschinenleistung 5,5kmMaschinengr\u00f6\u00dfe 1200 x 630 x 960mm HW-D Serie HW-D 1500 Laserleistung 1.500WLaserwellenl\u00e4nge 1064+\/-10nmSchwei\u00dfgeschwindigkeit 0-120mm\/s HW-D 2000 Laserleistung 2.000WLaserwellenl\u00e4nge 1064+\/-10nmSchwei\u00dfgeschwindigkeit 0-120mm\/s HW-D 3000 Laserleistung 3.000WLaserwellenl\u00e4nge 1064+\/-10nmSchwei\u00dfgeschwindigkeit 0-120mm\/s<\/p>\n","protected":false},"author":1,"featured_media":0,"parent":0,"menu_order":0,"comment_status":"closed","ping_status":"closed","template":"no-title","meta":{"nf_dc_page":"","footnotes":""},"class_list":["post-201","page","type-page","status-publish","hentry"],"jetpack_sharing_enabled":true,"_links":{"self":[{"href":"https:\/\/cut-solutions.com\/Consulting\/wp-json\/wp\/v2\/pages\/201","targetHints":{"allow":["GET"]}}],"collection":[{"href":"https:\/\/cut-solutions.com\/Consulting\/wp-json\/wp\/v2\/pages"}],"about":[{"href":"https:\/\/cut-solutions.com\/Consulting\/wp-json\/wp\/v2\/types\/page"}],"author":[{"embeddable":true,"href":"https:\/\/cut-solutions.com\/Consulting\/wp-json\/wp\/v2\/users\/1"}],"replies":[{"embeddable":true,"href":"https:\/\/cut-solutions.com\/Consulting\/wp-json\/wp\/v2\/comments?post=201"}],"version-history":[{"count":5,"href":"https:\/\/cut-solutions.com\/Consulting\/wp-json\/wp\/v2\/pages\/201\/revisions"}],"predecessor-version":[{"id":502,"href":"https:\/\/cut-solutions.com\/Consulting\/wp-json\/wp\/v2\/pages\/201\/revisions\/502"}],"wp:attachment":[{"href":"https:\/\/cut-solutions.com\/Consulting\/wp-json\/wp\/v2\/media?parent=201"}],"curies":[{"name":"wp","href":"https:\/\/api.w.org\/{rel}","templated":true}]}}