{"id":13,"date":"2024-09-07T11:58:33","date_gmt":"2024-09-07T11:58:33","guid":{"rendered":"https:\/\/cut-solutions.com\/Consulting\/machines\/"},"modified":"2024-10-30T14:46:45","modified_gmt":"2024-10-30T14:46:45","slug":"drahterodieren","status":"publish","type":"page","link":"https:\/\/cut-solutions.com\/Consulting\/drahterodieren\/","title":{"rendered":"Drahterodieren"},"content":{"rendered":"\n<div class=\"wp-block-cover alignfull\" style=\"min-height:600px;aspect-ratio:unset;\" id=\"Wire-EDM\"><span aria-hidden=\"true\" class=\"wp-block-cover__background has-background-dim\"><\/span><video class=\"wp-block-cover__video-background intrinsic-ignore\" autoplay muted loop playsinline src=\"https:\/\/cut-solutions.com\/Consulting\/wp-content\/uploads\/2024\/09\/video3.mp4\" data-object-fit=\"cover\"><\/video><div class=\"wp-block-cover__inner-container is-layout-flow wp-block-cover-is-layout-flow\">\n<p class=\"has-text-align-center has-large-font-size\">Drahterodieren<\/p>\n\n\n\n<p class=\"has-text-align-center\">Das Drahterodieren ist ein formgebendes Fertigungsverfahren mit einer hohen Pr\u00e4zision f\u00fcr elektrisch leitende Materialien. Eine Folge von elektrischen Spannungsimpulsen erzeugen Funken, die Material vom Werkst\u00fcck abtragen. Die Genauigkeit des Drahterodierens beruht darauf, dass der Funke stets an der Stelle \u00fcberspringt, an der der Abstand zwischen Werkst\u00fcck und Draht am geringsten ist.&nbsp;<\/p>\n<\/div><\/div>\n\n\n\n<div class=\"nfd-container nfd-p-md nfd-theme-white nfd-bg-surface is-style-nfd-theme-white wp-block-group is-layout-flow wp-container-core-group-is-layout-05898ac8 wp-block-group-is-layout-flow\">\n<div class=\"nfd-gap-lg wp-block-group is-vertical is-content-justification-left is-layout-flex wp-container-core-group-is-layout-58227553 wp-block-group-is-layout-flex\">\n<div class=\"wp-block-group is-nowrap is-layout-flex wp-container-core-group-is-layout-6c531013 wp-block-group-is-layout-flex\">\n<div class=\"wp-block-group is-vertical is-layout-flex wp-container-core-group-is-layout-e1300cac wp-block-group-is-layout-flex\">\n<div class=\"wp-block-group is-vertical is-layout-flex wp-container-core-group-is-layout-fe9cc265 wp-block-group-is-layout-flex\">\n<div class=\"wp-block-media-text is-stacked-on-mobile\" style=\"grid-template-columns:25% auto\"><figure class=\"wp-block-media-text__media\"><img data-recalc-dims=\"1\" fetchpriority=\"high\" decoding=\"async\" width=\"463\" height=\"109\" src=\"https:\/\/i0.wp.com\/cut-solutions.com\/Consulting\/wp-content\/uploads\/2024\/09\/Excetek-logo.png?resize=463%2C109&#038;ssl=1\" alt=\"\" class=\"wp-image-174 size-full\" srcset=\"https:\/\/i0.wp.com\/cut-solutions.com\/Consulting\/wp-content\/uploads\/2024\/09\/Excetek-logo.png?w=463&amp;ssl=1 463w, https:\/\/i0.wp.com\/cut-solutions.com\/Consulting\/wp-content\/uploads\/2024\/09\/Excetek-logo.png?resize=300%2C71&amp;ssl=1 300w\" sizes=\"(max-width: 463px) 100vw, 463px\" \/><\/figure><div class=\"wp-block-media-text__content\">\n<h2 class=\"wp-block-heading nfd-text-huge nfd-text-primary nfd-text-balance\">Ihr Spezialist in der Drahterosion<\/h2>\n\n\n\n<p class=\"\">Wir sind stolz darauf, dass EXCETEK, einer der f\u00fchrenden Hersteller von Drahterodiermaschinen aus Taiwan, zu unseren Lieferanten z\u00e4hlt und f\u00fcr ihre Maschinenmodelle eine Qualit\u00e4tssicherung auf Weltklasseniveau bietet. Angesichts der Gr\u00f6\u00dfe der Drahterodiermaschinen bieten wir unseren Kunden gro\u00dfe Maschinen zu einem wirtschaftlichen Preis an, den kein anderer Hersteller bieten kann. Wir bieten auch kleine Erodiermaschinenmodelle gem\u00e4\u00df den Kundenanforderungen an.<br>Unsere Erodiermaschinenvielfalt ist weltweit einzigartig: Unsere &#8220;Kleinsten&#8221; mit Verfahrwegen von 400 x 300mm bis hin zu den &#8220;Gro\u00dfen&#8221; von 1200 x 1000 x 1000mm bieten f\u00fcr fast jede Erodiereranwendung die geeignete Maschine. Wir l\u00f6sen nahezu jedes Erodierproblem.&nbsp;<br><\/p>\n<\/div><\/div>\n<\/div>\n<\/div>\n<\/div>\n<\/div>\n<\/div>\n\n\n\n<div class=\"nfd-container nfd-p-lg nfd-theme-light nfd-bg-surface is-style-nfd-theme-light wp-block-group is-layout-constrained wp-block-group-is-layout-constrained\">\n<hr class=\"wp-block-separator alignwide has-alpha-channel-opacity\"\/>\n\n\n\n<h2 class=\"wp-block-heading has-text-align-center\">NP Serie<\/h2>\n\n\n\n<hr class=\"wp-block-separator alignwide has-alpha-channel-opacity\"\/>\n\n\n\n<div class=\"wp-block-media-text is-stacked-on-mobile\"><figure class=\"wp-block-media-text__media\"><a href=\"https:\/\/cut-solutions.com\/Consulting\/drahterodieren\/np-serie\/\"><img data-recalc-dims=\"1\" decoding=\"async\" width=\"1024\" height=\"752\" src=\"https:\/\/i0.wp.com\/cut-solutions.com\/Consulting\/wp-content\/uploads\/2024\/09\/NP500L-CE.png?resize=1024%2C752&#038;ssl=1\" alt=\"\" class=\"wp-image-97 size-full\" srcset=\"https:\/\/i0.wp.com\/cut-solutions.com\/Consulting\/wp-content\/uploads\/2024\/09\/NP500L-CE.png?w=1024&amp;ssl=1 1024w, https:\/\/i0.wp.com\/cut-solutions.com\/Consulting\/wp-content\/uploads\/2024\/09\/NP500L-CE.png?resize=300%2C220&amp;ssl=1 300w, https:\/\/i0.wp.com\/cut-solutions.com\/Consulting\/wp-content\/uploads\/2024\/09\/NP500L-CE.png?resize=768%2C564&amp;ssl=1 768w, https:\/\/i0.wp.com\/cut-solutions.com\/Consulting\/wp-content\/uploads\/2024\/09\/NP500L-CE.png?resize=600%2C441&amp;ssl=1 600w\" sizes=\"(max-width: 1000px) 100vw, 1000px\" \/><\/a><\/figure><div class=\"wp-block-media-text__content\">\n<h2 class=\"wp-block-heading\">Warum &#8220;NP&#8221; Serie?<\/h2>\n\n\n\n<ul class=\"wp-block-list\">\n<li class=\"\">Linearmotor<\/li>\n\n\n\n<li class=\"\">Arbeitstisch aus Edelstahl mit H\u00e4rte HRC 50\u00b0<\/li>\n\n\n\n<li class=\"\">Automatisches Messsystem<\/li>\n\n\n\n<li class=\"\">Feinschlichtgenerator f\u00fcr bessere Oberfl\u00e4chen<\/li>\n\n\n\n<li class=\"\">Maschinensockel mit extra Breite<\/li>\n\n\n\n<li class=\"\">Automatisches Hochgeschwindigkeits-Drahteinf\u00e4deln<\/li>\n\n\n\n<li class=\"\">Werkst\u00fcckpositionierungsfunktion<\/li>\n\n\n\n<li class=\"\">Wartungs- und Diagnoseinformationen<\/li>\n\n\n\n<li class=\"\">Mehr Stellf\u00fc\u00dfe f\u00fcr besseren Halt<\/li>\n\n\n\n<li class=\"\">Ersatzteile und Service aus Deutschland<\/li>\n<\/ul>\n\n\n\n<div class=\"wp-block-buttons is-layout-flex wp-block-buttons-is-layout-flex\">\n<div class=\"wp-block-button\"><a class=\"wp-block-button__link wp-element-button\" href=\"https:\/\/cut-solutions.com\/Consulting\/drahterodieren\/np-serie\/\">Mehr Informationen<\/a><\/div>\n<\/div>\n<\/div><\/div>\n\n\n\n<div class=\"wp-block-cover alignwide\" style=\"min-height:331px;aspect-ratio:unset;\"><span aria-hidden=\"true\" class=\"wp-block-cover__background has-background-dim\" style=\"background-color:#797977\"><\/span><img data-recalc-dims=\"1\" decoding=\"async\" width=\"768\" height=\"494\" class=\"wp-block-cover__image-background wp-image-513\" alt=\"\" src=\"https:\/\/i0.wp.com\/cut-solutions.com\/Consulting\/wp-content\/uploads\/2024\/10\/NP-Tisch.jpg?resize=768%2C494&#038;ssl=1\" style=\"object-position:56% 51%\" data-object-fit=\"cover\" data-object-position=\"56% 51%\" srcset=\"https:\/\/i0.wp.com\/cut-solutions.com\/Consulting\/wp-content\/uploads\/2024\/10\/NP-Tisch.jpg?w=768&amp;ssl=1 768w, https:\/\/i0.wp.com\/cut-solutions.com\/Consulting\/wp-content\/uploads\/2024\/10\/NP-Tisch.jpg?resize=300%2C193&amp;ssl=1 300w, https:\/\/i0.wp.com\/cut-solutions.com\/Consulting\/wp-content\/uploads\/2024\/10\/NP-Tisch.jpg?resize=600%2C386&amp;ssl=1 600w\" sizes=\"(max-width: 768px) 100vw, 768px\" \/><div class=\"wp-block-cover__inner-container is-layout-flow wp-block-cover-is-layout-flow\">\n<p class=\"has-text-align-center has-large-font-size\">4 seitiger Aufspanntisch aus geh\u00e4rtetem Edelstahl<\/p>\n<\/div><\/div>\n<\/div>\n\n\n\n<div class=\"nfd-container nfd-p-lg nfd-theme-light nfd-bg-surface is-style-nfd-theme-light wp-block-group is-layout-constrained wp-block-group-is-layout-constrained\">\n<hr class=\"wp-block-separator alignwide has-alpha-channel-opacity\"\/>\n\n\n\n<h2 class=\"wp-block-heading has-text-align-center\">G Plus Serie<\/h2>\n\n\n\n<hr class=\"wp-block-separator alignwide has-alpha-channel-opacity\"\/>\n\n\n\n<div class=\"wp-block-media-text is-stacked-on-mobile\"><figure class=\"wp-block-media-text__media\"><a href=\"https:\/\/cut-solutions.com\/Consulting\/drahterodieren\/g-plus-serie\/\"><img data-recalc-dims=\"1\" loading=\"lazy\" decoding=\"async\" width=\"861\" height=\"663\" src=\"https:\/\/i0.wp.com\/cut-solutions.com\/Consulting\/wp-content\/uploads\/2024\/09\/V650GPlus-1.jpg?resize=861%2C663&#038;ssl=1\" alt=\"\" class=\"wp-image-35 size-full\" srcset=\"https:\/\/i0.wp.com\/cut-solutions.com\/Consulting\/wp-content\/uploads\/2024\/09\/V650GPlus-1.jpg?w=861&amp;ssl=1 861w, https:\/\/i0.wp.com\/cut-solutions.com\/Consulting\/wp-content\/uploads\/2024\/09\/V650GPlus-1.jpg?resize=300%2C231&amp;ssl=1 300w, https:\/\/i0.wp.com\/cut-solutions.com\/Consulting\/wp-content\/uploads\/2024\/09\/V650GPlus-1.jpg?resize=768%2C591&amp;ssl=1 768w, https:\/\/i0.wp.com\/cut-solutions.com\/Consulting\/wp-content\/uploads\/2024\/09\/V650GPlus-1.jpg?resize=600%2C462&amp;ssl=1 600w\" sizes=\"(max-width: 861px) 100vw, 861px\" \/><\/a><\/figure><div class=\"wp-block-media-text__content\">\n<h2 class=\"wp-block-heading\">Warum &#8220;G Plus&#8221; Serie?<\/h2>\n\n\n\n<ul class=\"wp-block-list\">\n<li class=\"\">Starre U-, V-Fachwerkkonstruktion<\/li>\n\n\n\n<li class=\"\">Arbeitstisch aus Edelstahl mit H\u00e4rte HRC 50\u00b0<\/li>\n\n\n\n<li class=\"\">Verbesserte Oberfl\u00e4chentechnologie<\/li>\n\n\n\n<li class=\"\">Automatisches Hochgeschwindigkeits-Drahteinf\u00e4deln<\/li>\n\n\n\n<li class=\"\">Werkst\u00fcckpositionierungsfunktion<\/li>\n\n\n\n<li class=\"\">Wartungs- und Diagnoseinformationen<\/li>\n\n\n\n<li class=\"\">Mehr Stellf\u00fc\u00dfe f\u00fcr besseren Halt<\/li>\n\n\n\n<li class=\"\">Ersatzteile und Service aus Deutschland<\/li>\n<\/ul>\n\n\n\n<div class=\"wp-block-buttons is-layout-flex wp-block-buttons-is-layout-flex\">\n<div class=\"wp-block-button\"><a class=\"wp-block-button__link wp-element-button\" href=\"https:\/\/cut-solutions.com\/Consulting\/drahterodieren\/g-plus-serie\/\">Mehr Informationen<\/a><\/div>\n<\/div>\n<\/div><\/div>\n\n\n\n<div class=\"wp-block-cover alignwide is-light\" style=\"min-height:250px;aspect-ratio:unset;\"><span aria-hidden=\"true\" class=\"wp-block-cover__background has-background-dim\" style=\"background-color:#b4b6b7\"><\/span><img data-recalc-dims=\"1\" loading=\"lazy\" decoding=\"async\" width=\"1100\" height=\"500\" class=\"wp-block-cover__image-background wp-image-28\" alt=\"\" src=\"https:\/\/i0.wp.com\/cut-solutions.com\/Consulting\/wp-content\/uploads\/2024\/09\/V400G_Plus_1100x500px_Drahterodieren_verlauf.jpg?resize=1100%2C500&#038;ssl=1\" style=\"object-position:35% 45%\" data-object-fit=\"cover\" data-object-position=\"35% 45%\" srcset=\"https:\/\/i0.wp.com\/cut-solutions.com\/Consulting\/wp-content\/uploads\/2024\/09\/V400G_Plus_1100x500px_Drahterodieren_verlauf.jpg?w=1100&amp;ssl=1 1100w, https:\/\/i0.wp.com\/cut-solutions.com\/Consulting\/wp-content\/uploads\/2024\/09\/V400G_Plus_1100x500px_Drahterodieren_verlauf.jpg?resize=300%2C136&amp;ssl=1 300w, https:\/\/i0.wp.com\/cut-solutions.com\/Consulting\/wp-content\/uploads\/2024\/09\/V400G_Plus_1100x500px_Drahterodieren_verlauf.jpg?resize=1024%2C465&amp;ssl=1 1024w, https:\/\/i0.wp.com\/cut-solutions.com\/Consulting\/wp-content\/uploads\/2024\/09\/V400G_Plus_1100x500px_Drahterodieren_verlauf.jpg?resize=768%2C349&amp;ssl=1 768w, https:\/\/i0.wp.com\/cut-solutions.com\/Consulting\/wp-content\/uploads\/2024\/09\/V400G_Plus_1100x500px_Drahterodieren_verlauf.jpg?resize=600%2C273&amp;ssl=1 600w\" sizes=\"(max-width: 1000px) 100vw, 1000px\" \/><div class=\"wp-block-cover__inner-container is-layout-flow wp-block-cover-is-layout-flow\">\n<p class=\"has-text-align-center has-large-font-size\">Automatisches Hochgeschwindigkeits-Drahteinf\u00e4deln<\/p>\n<\/div><\/div>\n<\/div>\n\n\n\n<div class=\"nfd-container nfd-p-lg nfd-theme-light nfd-bg-surface is-style-nfd-theme-light wp-block-group is-layout-constrained wp-block-group-is-layout-constrained\">\n<hr class=\"wp-block-separator alignwide has-alpha-channel-opacity\"\/>\n\n\n\n<h2 class=\"wp-block-heading has-text-align-center\">V Serie<\/h2>\n\n\n\n<hr class=\"wp-block-separator alignwide has-alpha-channel-opacity\"\/>\n\n\n\n<div class=\"wp-block-media-text is-stacked-on-mobile\"><figure class=\"wp-block-media-text__media\"><a href=\"https:\/\/cut-solutions.com\/Consulting\/drahterodieren\/v-serie\/\"><img data-recalc-dims=\"1\" loading=\"lazy\" decoding=\"async\" width=\"560\" height=\"528\" src=\"https:\/\/i0.wp.com\/cut-solutions.com\/Consulting\/wp-content\/uploads\/2024\/10\/V650G-Z800.jpg?resize=560%2C528&#038;ssl=1\" alt=\"\" class=\"wp-image-506 size-full\" srcset=\"https:\/\/i0.wp.com\/cut-solutions.com\/Consulting\/wp-content\/uploads\/2024\/10\/V650G-Z800.jpg?w=560&amp;ssl=1 560w, https:\/\/i0.wp.com\/cut-solutions.com\/Consulting\/wp-content\/uploads\/2024\/10\/V650G-Z800.jpg?resize=300%2C283&amp;ssl=1 300w\" sizes=\"(max-width: 560px) 100vw, 560px\" \/><\/a><\/figure><div class=\"wp-block-media-text__content\">\n<h2 class=\"wp-block-heading\">Warum &#8220;V&#8221; Serie?<\/h2>\n\n\n\n<ul class=\"wp-block-list\">\n<li class=\"\">Bis zu 1.000 mm Verfahrweg in Z<\/li>\n\n\n\n<li class=\"\">Werkst\u00fcckpositionierungsfunktion<\/li>\n\n\n\n<li class=\"\">Wartungs- und Diagnoseinformationen<\/li>\n\n\n\n<li class=\"\">Arbeitstisch aus Edelstahl mit H\u00e4rte HRC 50\u00b0<\/li>\n\n\n\n<li class=\"\">Automatisches Hochgeschwindigkeits-Drahteinf\u00e4deln<\/li>\n\n\n\n<li class=\"\">Maschinensockel mit extra Breite<\/li>\n\n\n\n<li class=\"\">Mehr Stellf\u00fc\u00dfe f\u00fcr besseren Halt<\/li>\n\n\n\n<li class=\"\">Ersatzteile und Service aus Deutschland<\/li>\n<\/ul>\n\n\n\n<div class=\"wp-block-buttons is-layout-flex wp-block-buttons-is-layout-flex\">\n<div class=\"wp-block-button\"><a class=\"wp-block-button__link wp-element-button\" href=\"https:\/\/cut-solutions.com\/Consulting\/drahterodieren\/v-serie\/\">Mehr Informationen<\/a><\/div>\n<\/div>\n<\/div><\/div>\n\n\n\n<div class=\"wp-block-cover alignwide is-light\" style=\"min-height:250px;aspect-ratio:unset;\"><span aria-hidden=\"true\" class=\"wp-block-cover__background has-background-dim\" style=\"background-color:#b4b6b7\"><\/span><img data-recalc-dims=\"1\" loading=\"lazy\" decoding=\"async\" width=\"1100\" height=\"500\" class=\"wp-block-cover__image-background wp-image-28\" alt=\"\" src=\"https:\/\/i0.wp.com\/cut-solutions.com\/Consulting\/wp-content\/uploads\/2024\/09\/V400G_Plus_1100x500px_Drahterodieren_verlauf.jpg?resize=1100%2C500&#038;ssl=1\" style=\"object-position:35% 45%\" data-object-fit=\"cover\" data-object-position=\"35% 45%\" srcset=\"https:\/\/i0.wp.com\/cut-solutions.com\/Consulting\/wp-content\/uploads\/2024\/09\/V400G_Plus_1100x500px_Drahterodieren_verlauf.jpg?w=1100&amp;ssl=1 1100w, https:\/\/i0.wp.com\/cut-solutions.com\/Consulting\/wp-content\/uploads\/2024\/09\/V400G_Plus_1100x500px_Drahterodieren_verlauf.jpg?resize=300%2C136&amp;ssl=1 300w, https:\/\/i0.wp.com\/cut-solutions.com\/Consulting\/wp-content\/uploads\/2024\/09\/V400G_Plus_1100x500px_Drahterodieren_verlauf.jpg?resize=1024%2C465&amp;ssl=1 1024w, https:\/\/i0.wp.com\/cut-solutions.com\/Consulting\/wp-content\/uploads\/2024\/09\/V400G_Plus_1100x500px_Drahterodieren_verlauf.jpg?resize=768%2C349&amp;ssl=1 768w, https:\/\/i0.wp.com\/cut-solutions.com\/Consulting\/wp-content\/uploads\/2024\/09\/V400G_Plus_1100x500px_Drahterodieren_verlauf.jpg?resize=600%2C273&amp;ssl=1 600w\" sizes=\"(max-width: 1000px) 100vw, 1000px\" \/><div class=\"wp-block-cover__inner-container is-layout-flow wp-block-cover-is-layout-flow\">\n<p class=\"has-text-align-center has-large-font-size\">Z 1000 mm<\/p>\n<\/div><\/div>\n<\/div>\n\n\n\n<p class=\"\"><\/p>\n","protected":false},"excerpt":{"rendered":"<p>Ihr Spezialist in der Drahterosion Wir sind stolz darauf, dass EXCETEK, einer der f\u00fchrenden Hersteller von Drahterodiermaschinen aus Taiwan, zu unseren Lieferanten z\u00e4hlt und f\u00fcr ihre Maschinenmodelle eine Qualit\u00e4tssicherung auf Weltklasseniveau bietet. Angesichts der Gr\u00f6\u00dfe der Drahterodiermaschinen bieten wir unseren Kunden gro\u00dfe Maschinen zu einem wirtschaftlichen Preis an, den kein anderer Hersteller bieten kann. Wir bieten auch kleine Erodiermaschinenmodelle gem\u00e4\u00df den Kundenanforderungen an.Unsere Erodiermaschinenvielfalt ist weltweit einzigartig: Unsere &#8220;Kleinsten&#8221; mit Verfahrwegen von 400 x 300mm bis hin zu den &#8220;Gro\u00dfen&#8221; von 1200 x 1000 x 1000mm bieten f\u00fcr fast jede Erodiereranwendung die geeignete Maschine. Wir l\u00f6sen nahezu jedes Erodierproblem.&nbsp; NP Serie Warum &#8220;NP&#8221; Serie? G Plus Serie Warum &#8220;G Plus&#8221; Serie? V Serie Warum &#8220;V&#8221; Serie?<\/p>\n","protected":false},"author":1,"featured_media":0,"parent":0,"menu_order":0,"comment_status":"closed","ping_status":"closed","template":"no-title","meta":{"nf_dc_page":"machines","footnotes":""},"class_list":["post-13","page","type-page","status-publish","hentry"],"jetpack_sharing_enabled":true,"_links":{"self":[{"href":"https:\/\/cut-solutions.com\/Consulting\/wp-json\/wp\/v2\/pages\/13","targetHints":{"allow":["GET"]}}],"collection":[{"href":"https:\/\/cut-solutions.com\/Consulting\/wp-json\/wp\/v2\/pages"}],"about":[{"href":"https:\/\/cut-solutions.com\/Consulting\/wp-json\/wp\/v2\/types\/page"}],"author":[{"embeddable":true,"href":"https:\/\/cut-solutions.com\/Consulting\/wp-json\/wp\/v2\/users\/1"}],"replies":[{"embeddable":true,"href":"https:\/\/cut-solutions.com\/Consulting\/wp-json\/wp\/v2\/comments?post=13"}],"version-history":[{"count":20,"href":"https:\/\/cut-solutions.com\/Consulting\/wp-json\/wp\/v2\/pages\/13\/revisions"}],"predecessor-version":[{"id":965,"href":"https:\/\/cut-solutions.com\/Consulting\/wp-json\/wp\/v2\/pages\/13\/revisions\/965"}],"wp:attachment":[{"href":"https:\/\/cut-solutions.com\/Consulting\/wp-json\/wp\/v2\/media?parent=13"}],"curies":[{"name":"wp","href":"https:\/\/api.w.org\/{rel}","templated":true}]}}