{"id":12,"date":"2024-09-07T11:58:22","date_gmt":"2024-09-07T11:58:22","guid":{"rendered":"https:\/\/cut-solutions.com\/Consulting\/about\/"},"modified":"2024-09-19T14:23:08","modified_gmt":"2024-09-19T14:23:08","slug":"about","status":"publish","type":"page","link":"https:\/\/cut-solutions.com\/Consulting\/about\/","title":{"rendered":"\u00dcber uns"},"content":{"rendered":"\n<div class=\"wp-block-cover alignfull\"><span aria-hidden=\"true\" class=\"wp-block-cover__background has-background-dim\"><\/span><img data-recalc-dims=\"1\" fetchpriority=\"high\" decoding=\"async\" width=\"1024\" height=\"448\" class=\"wp-block-cover__image-background wp-image-361\" alt=\"\" src=\"https:\/\/i0.wp.com\/cut-solutions.com\/Consulting\/wp-content\/uploads\/2024\/09\/CutSol-Gebaeude.jpg?resize=1024%2C448&#038;ssl=1\" data-object-fit=\"cover\" srcset=\"https:\/\/i0.wp.com\/cut-solutions.com\/Consulting\/wp-content\/uploads\/2024\/09\/CutSol-Gebaeude.jpg?resize=1024%2C448&amp;ssl=1 1024w, https:\/\/i0.wp.com\/cut-solutions.com\/Consulting\/wp-content\/uploads\/2024\/09\/CutSol-Gebaeude.jpg?resize=300%2C131&amp;ssl=1 300w, https:\/\/i0.wp.com\/cut-solutions.com\/Consulting\/wp-content\/uploads\/2024\/09\/CutSol-Gebaeude.jpg?resize=768%2C336&amp;ssl=1 768w, https:\/\/i0.wp.com\/cut-solutions.com\/Consulting\/wp-content\/uploads\/2024\/09\/CutSol-Gebaeude.jpg?resize=1536%2C672&amp;ssl=1 1536w, https:\/\/i0.wp.com\/cut-solutions.com\/Consulting\/wp-content\/uploads\/2024\/09\/CutSol-Gebaeude.jpg?resize=600%2C263&amp;ssl=1 600w, https:\/\/i0.wp.com\/cut-solutions.com\/Consulting\/wp-content\/uploads\/2024\/09\/CutSol-Gebaeude.jpg?w=1773&amp;ssl=1 1773w\" sizes=\"(max-width: 1000px) 100vw, 1000px\" \/><div class=\"wp-block-cover__inner-container is-layout-flow wp-block-cover-is-layout-flow\">\n<h2 class=\"wp-block-heading has-text-align-center has-base-color has-text-color has-link-color wp-elements-d9964d1430a31a9802d4b2e4aab8f67a\"><strong>Ihr Partner in der Schneidetechnik.<\/strong><\/h2>\n<\/div><\/div>\n\n\n\n<div class=\"nfd-container nfd-p-lg nfd-theme-darker nfd-bg-surface is-style-nfd-theme-darker wp-block-group is-layout-constrained wp-block-group-is-layout-constrained\">\n<div class=\"nfd-gap-xl wp-block-group is-vertical is-content-justification-center is-layout-flex wp-container-core-group-is-layout-ce155fab wp-block-group-is-layout-flex\">\n<h2 class=\"nfd-text-contrast nfd-text-huge nfd-text-balance wp-block-heading has-text-align-center\" style=\"font-style:normal;font-weight:500\">\u00dcber uns<\/h2>\n\n\n\n<p class=\"nfd-text-md nfd-text-balance nfd-text-faded has-text-align-center\">Die Cut Solutions GmbH mit Sitz in M\u00f6nchengladbach ist der Exklusivpartner f\u00fcr den Vertrieb und den Support von Drahterodiermaschinen von\u00a0Excetek, Senkerodiermaschinen von Neuar, Startlocherodiermaschinen von Castek, Faserlaseranlagen und Laserschwei\u00dfger\u00e4ten von AORE Group.<\/p>\n\n\n\n<p class=\"has-text-align-center\">Profitieren Sie von unserer \u00fcber 40 j\u00e4hrigen Erfahrung in der Funkenerosion.<\/p>\n\n\n\n<p class=\"has-text-align-center\">Wir m\u00f6chten das Drahterodieren, Senkerodieren, Startlocherodieren, Wasserstrahlschneiden, Lasern und Schwei\u00dfen unseren Kunden n\u00e4her bringen, mit dem Ziel, selbst zu entscheiden, rechnet sich eine&nbsp; Anlage im eigenen Betrieb oder nehmen Sie lieber erstmal unsere Dienstleistungen in Anspruch.<br>&nbsp;<br>Unser weiteres Ziel ist es, anhand von Pilotprojekten in der Einzel- und Serienteilefertigung&nbsp; diese Technologien miteinander zu vergleichen, um so die Wirtschaftlichkeit der verschiedenen Fertigungsverfahren zu zeigen und Ihnen die passenden Maschinen zu einem wirtschaftlichen Preis anzubieten.&nbsp;<\/p>\n\n\n\n<div class=\"wp-block-buttons is-layout-flex wp-block-buttons-is-layout-flex\"><\/div>\n<\/div>\n<\/div>\n\n\n\n<div class=\"wp-block-group alignfull is-content-justification-center is-layout-constrained wp-container-core-group-is-layout-df757ecc wp-block-group-is-layout-constrained\" style=\"margin-top:0;margin-bottom:0;padding-top:calc( 0.5 * var(--wp--style--root--padding-right, var(--wp--custom--gap--horizontal)));padding-right:var(--wp--style--root--padding-right, var(--wp--custom--gap--horizontal));padding-bottom:calc( 0.5 * var(--wp--style--root--padding-right, var(--wp--custom--gap--horizontal)));padding-left:var(--wp--style--root--padding-left, var(--wp--custom--gap--horizontal))\">\n<div style=\"height:calc( 0.25 * var(--wp--style--root--padding-right, var(--wp--custom--gap--horizontal)))\" aria-hidden=\"true\" class=\"wp-block-spacer\"><\/div>\n\n\n\n<div class=\"wp-block-columns alignwide are-vertically-aligned-center is-layout-flex wp-container-core-columns-is-layout-cbe57604 wp-block-columns-is-layout-flex\">\n<div class=\"wp-block-column is-vertically-aligned-center is-layout-flow wp-block-column-is-layout-flow\" style=\"flex-basis:40%\">\n<figure class=\"wp-block-image size-full nfd-wb-animate nfd-wb-fade-in-left-short\"><img data-recalc-dims=\"1\" decoding=\"async\" width=\"870\" height=\"980\" src=\"https:\/\/i0.wp.com\/cut-solutions.com\/Consulting\/wp-content\/uploads\/2024\/09\/Schild-Eingang.jpg?resize=870%2C980&#038;ssl=1\" alt=\"\" class=\"wp-image-269\" style=\"aspect-ratio:3\/4;object-fit:contain\" srcset=\"https:\/\/i0.wp.com\/cut-solutions.com\/Consulting\/wp-content\/uploads\/2024\/09\/Schild-Eingang.jpg?w=870&amp;ssl=1 870w, https:\/\/i0.wp.com\/cut-solutions.com\/Consulting\/wp-content\/uploads\/2024\/09\/Schild-Eingang.jpg?resize=266%2C300&amp;ssl=1 266w, https:\/\/i0.wp.com\/cut-solutions.com\/Consulting\/wp-content\/uploads\/2024\/09\/Schild-Eingang.jpg?resize=768%2C865&amp;ssl=1 768w, https:\/\/i0.wp.com\/cut-solutions.com\/Consulting\/wp-content\/uploads\/2024\/09\/Schild-Eingang.jpg?resize=600%2C676&amp;ssl=1 600w\" sizes=\"(max-width: 870px) 100vw, 870px\" \/><\/figure>\n<\/div>\n\n\n\n<div class=\"wp-block-column is-vertically-aligned-center is-layout-flow wp-block-column-is-layout-flow\">\n<div class=\"wp-block-columns is-layout-flex wp-container-core-columns-is-layout-28f84493 wp-block-columns-is-layout-flex\">\n<div class=\"wp-block-column is-layout-flow wp-block-column-is-layout-flow\" style=\"flex-basis:80%\">\n<h2 class=\"nfd-text-contrast nfd-text-huge nfd-text-balance wp-block-heading\">Unsere Philosophie an unsere Kunden:<\/h2>\n\n\n\n<p class=\"\">Wir bieten h\u00f6chste Qualit\u00e4t zu einem erschwinglichen Preis!<\/p>\n\n\n\n<p class=\"\">R\u00fccknahme der Anlage, wenn die zugesicherten Eigenschaften nicht gehalten werden k\u00f6nnen!<\/p>\n<\/div>\n\n\n\n<div class=\"wp-block-column is-vertically-aligned-stretch is-layout-flow wp-block-column-is-layout-flow\"><\/div>\n<\/div>\n\n\n\n<div style=\"height:24px\" aria-hidden=\"true\" class=\"wp-block-spacer\"><\/div>\n\n\n\n<div class=\"wp-block-columns is-not-stacked-on-mobile has-medium-font-size is-layout-flex wp-container-core-columns-is-layout-28f84493 wp-block-columns-is-layout-flex\">\n<div class=\"wp-block-column is-layout-flow wp-container-core-column-is-layout-cd8fa203 wp-block-column-is-layout-flow\" style=\"border-left-color:#1e1e1e40;border-left-width:1px;padding-top:0;padding-right:var(--wp--preset--spacing--20);padding-bottom:0;padding-left:var(--wp--preset--spacing--20)\">\n<h3 class=\"wp-block-heading\">1.<\/h3>\n\n\n\n<p class=\"\">inkl. Transport zum Kunden<\/p>\n<\/div>\n\n\n\n<div class=\"wp-block-column is-layout-flow wp-container-core-column-is-layout-cd8fa203 wp-block-column-is-layout-flow\" style=\"border-left-color:#1e1e1e40;border-left-width:1px;padding-top:0;padding-right:var(--wp--preset--spacing--20);padding-bottom:0;padding-left:var(--wp--preset--spacing--20)\">\n<h3 class=\"wp-block-heading\">2.<\/h3>\n\n\n\n<p class=\"\">inkl. Aufstellung und Inbetriebnahme<\/p>\n<\/div>\n\n\n\n<div class=\"wp-block-column is-layout-flow wp-container-core-column-is-layout-cd8fa203 wp-block-column-is-layout-flow\" style=\"border-left-color:#1e1e1e40;border-left-width:1px;padding-top:0;padding-right:var(--wp--preset--spacing--20);padding-bottom:0;padding-left:var(--wp--preset--spacing--20)\">\n<h3 class=\"wp-block-heading\">3.<\/h3>\n\n\n\n<p class=\"\">inkl. Schulung<\/p>\n<\/div>\n<\/div>\n\n\n\n<div style=\"height:8px\" aria-hidden=\"true\" class=\"wp-block-spacer\"><\/div>\n\n\n\n<div class=\"wp-block-columns is-not-stacked-on-mobile has-medium-font-size is-layout-flex wp-container-core-columns-is-layout-28f84493 wp-block-columns-is-layout-flex\">\n<div class=\"wp-block-column is-layout-flow wp-container-core-column-is-layout-cd8fa203 wp-block-column-is-layout-flow\" style=\"border-left-color:#1e1e1e40;border-left-width:1px;padding-top:0;padding-right:var(--wp--preset--spacing--20);padding-bottom:0;padding-left:var(--wp--preset--spacing--20)\">\n<h3 class=\"wp-block-heading\">4.<\/h3>\n\n\n\n<p class=\"\">inkl. Vollausstattung der Anlage<\/p>\n<\/div>\n\n\n\n<div class=\"wp-block-column is-layout-flow wp-container-core-column-is-layout-cd8fa203 wp-block-column-is-layout-flow\" style=\"border-left-color:#1e1e1e40;border-left-width:1px;padding-top:0;padding-right:var(--wp--preset--spacing--20);padding-bottom:0;padding-left:var(--wp--preset--spacing--20)\">\n<h3 class=\"wp-block-heading\">5.<\/h3>\n\n\n\n<p class=\"\">inkl. Nachschulung<\/p>\n<\/div>\n\n\n\n<div class=\"wp-block-column is-layout-flow wp-container-core-column-is-layout-cd8fa203 wp-block-column-is-layout-flow\" style=\"border-left-color:#1e1e1e40;border-left-width:1px;padding-top:0;padding-right:var(--wp--preset--spacing--20);padding-bottom:0;padding-left:var(--wp--preset--spacing--20)\">\n<h3 class=\"wp-block-heading\">6.<\/h3>\n\n\n\n<p class=\"\">inkl. Gew\u00e4hrleistung!<\/p>\n<\/div>\n<\/div>\n<\/div>\n<\/div>\n\n\n\n<div style=\"height:9px\" aria-hidden=\"true\" class=\"wp-block-spacer\"><\/div>\n<\/div>\n\n\n\n<div class=\"nfd-wb-hero__hero-1 wp-block-group alignfull is-layout-constrained wp-block-group-is-layout-constrained\">\n<div class=\"nfd-container nfd-gap-0 wp-block-group is-vertical is-content-justification-stretch is-layout-flex wp-container-core-group-is-layout-353c4f5a wp-block-group-is-layout-flex\">\n<div class=\"nfd-container nfd-p-lg nfd-rounded-lg is-style-nfd-theme-light wp-block-group alignfull nfd-bg-effect-grid-3 is-layout-constrained wp-block-group-is-layout-constrained\">\n<div class=\"nfd-gap-x-4xl nfd-gap-y-3xl wp-block-columns are-vertically-aligned-center is-layout-flex wp-container-core-columns-is-layout-28f84493 wp-block-columns-is-layout-flex\">\n<div class=\"wp-block-column is-vertically-aligned-center is-layout-flow wp-block-column-is-layout-flow\">\n<div class=\"nfd-gap-2xl nfd-text-md wp-block-group is-vertical is-layout-flex wp-container-core-group-is-layout-d6b9ab57 wp-block-group-is-layout-flex\">\n<h1 class=\"nfd-text-huge nfd-text-primary nfd-text-balance wp-block-heading has-text-align-left\">Kundendienst &amp; Service<\/h1>\n\n\n\n<p class=\"nfd-text-md has-text-align-left\">\ud83d\udd27 Wir legen gro\u00dfen Wert auf unseren kompetenten Kundendienst.<\/p>\n\n\n\n<div class=\"alignfull wp-block-group is-content-justification-center is-layout-constrained wp-container-core-group-is-layout-df757ecc wp-block-group-is-layout-constrained\" style=\"margin-top:0;margin-bottom:0;padding-top:calc( 0.5 * var(--wp--style--root--padding-right, var(--wp--custom--gap--horizontal)));padding-right:var(--wp--style--root--padding-right, var(--wp--custom--gap--horizontal));padding-bottom:calc( 0.5 * var(--wp--style--root--padding-right, var(--wp--custom--gap--horizontal)));padding-left:var(--wp--style--root--padding-left, var(--wp--custom--gap--horizontal))\">\n<div style=\"height:calc( 0.25 * var(--wp--style--root--padding-right, var(--wp--custom--gap--horizontal)))\" aria-hidden=\"true\" class=\"wp-block-spacer\"><\/div>\n\n\n\n<div class=\"wp-block-columns alignwide is-layout-flex wp-container-core-columns-is-layout-87beb0d0 wp-block-columns-is-layout-flex\">\n<div class=\"wp-block-column is-layout-flow wp-container-core-column-is-layout-8a368f38 wp-block-column-is-layout-flow\">\n<div class=\"wp-block-group is-vertical is-layout-flex wp-container-core-group-is-layout-fe9cc265 wp-block-group-is-layout-flex\">\n<h3 class=\"wp-block-heading has-medium-font-size\" style=\"font-style:normal;font-weight:700\"><strong>Reaktionszeit<\/strong><\/h3>\n\n\n\n<p class=\"\">Damit wir unseren Kunden auch im Notfall schnell und unkompliziert helfen k\u00f6nnen, garantieren wie eine 24 st\u00fcndige Reaktionsbereitschaft.<\/p>\n<\/div>\n\n\n\n<div style=\"height:100px\" aria-hidden=\"true\" class=\"wp-block-spacer\"><\/div>\n\n\n\n<div class=\"wp-block-group is-vertical is-layout-flex wp-container-core-group-is-layout-fe9cc265 wp-block-group-is-layout-flex\">\n<h3 class=\"wp-block-heading has-medium-font-size\" style=\"font-style:normal;font-weight:700\"><strong>Wartungsvertr\u00e4ge<\/strong><\/h3>\n\n\n\n<p class=\"\">Neben unserer Gew\u00e4hrleistung bei Neu- und Gebrauchtmaschinen bieten wir auch Wartungsvertr\u00e4ge von 12 und 24 Monaten an.<\/p>\n<\/div>\n<\/div>\n\n\n\n<div class=\"wp-block-column is-layout-flow wp-container-core-column-is-layout-8a368f38 wp-block-column-is-layout-flow\">\n<div class=\"wp-block-group is-vertical is-layout-flex wp-container-core-group-is-layout-fe9cc265 wp-block-group-is-layout-flex\">\n<h3 class=\"wp-block-heading has-medium-font-size\" style=\"font-style:normal;font-weight:700\"><strong>Erfahrung<\/strong><\/h3>\n\n\n\n<p class=\"\">Unsere 40-j\u00e4hrige Erfahrung im Service von Drahterodiermaschinen geben wir gerne an unsere Kunden weiter. Unsere Kundenzufriedenheit und das in uns investierte Vertrauen best\u00e4tigt den von uns eingeschlagenen Weg.<\/p>\n<\/div>\n\n\n\n<div style=\"height:50px\" aria-hidden=\"true\" class=\"wp-block-spacer\"><\/div>\n\n\n\n<div class=\"wp-block-group is-vertical is-layout-flex wp-container-core-group-is-layout-fe9cc265 wp-block-group-is-layout-flex\">\n<h3 class=\"wp-block-heading has-medium-font-size\" style=\"font-style:normal;font-weight:700\"><strong>Gew\u00e4hrleistung<\/strong><\/h3>\n\n\n\n<p class=\"\">Garantieverl\u00e4ngerung f\u00fcr unsere Excetek Neumaschinen von bis zu 5 Jahren und mehr sind ebenso m\u00f6glich.<\/p>\n<\/div>\n<\/div>\n<\/div>\n\n\n\n<div style=\"height:calc( 0.25 * var(--wp--style--root--padding-right, var(--wp--custom--gap--horizontal)))\" aria-hidden=\"true\" class=\"wp-block-spacer\"><\/div>\n<\/div>\n<\/div>\n<\/div>\n\n\n\n<div class=\"wp-block-column is-vertically-aligned-center is-layout-flow wp-block-column-is-layout-flow\">\n<figure class=\"wp-block-image size-full has-custom-border\"><img data-recalc-dims=\"1\" decoding=\"async\" width=\"1024\" height=\"858\" src=\"https:\/\/i0.wp.com\/cut-solutions.com\/Consulting\/wp-content\/uploads\/2024\/09\/V3280-1.png?resize=1024%2C858&#038;ssl=1\" alt=\"\" class=\"wp-image-274\" style=\"border-top-left-radius:400px;border-top-right-radius:400px;border-bottom-left-radius:400px;border-bottom-right-radius:8px;aspect-ratio:1;object-fit:contain\" srcset=\"https:\/\/i0.wp.com\/cut-solutions.com\/Consulting\/wp-content\/uploads\/2024\/09\/V3280-1.png?w=1024&amp;ssl=1 1024w, https:\/\/i0.wp.com\/cut-solutions.com\/Consulting\/wp-content\/uploads\/2024\/09\/V3280-1.png?resize=300%2C251&amp;ssl=1 300w, https:\/\/i0.wp.com\/cut-solutions.com\/Consulting\/wp-content\/uploads\/2024\/09\/V3280-1.png?resize=768%2C644&amp;ssl=1 768w, https:\/\/i0.wp.com\/cut-solutions.com\/Consulting\/wp-content\/uploads\/2024\/09\/V3280-1.png?resize=600%2C503&amp;ssl=1 600w\" sizes=\"(max-width: 1000px) 100vw, 1000px\" \/><\/figure>\n<\/div>\n<\/div>\n\n\n\n<div style=\"height:40px\" aria-hidden=\"true\" class=\"wp-block-spacer\"><\/div>\n<\/div>\n\n\n\n<div class=\"nfd-container wp-block-group alignfull is-layout-constrained wp-block-group-is-layout-constrained\" style=\"padding-top:0px;padding-bottom:50px\">\n<div class=\"-nfd-translate-y-1\/2 nfd-rounded nfd-p-card-lg is-style-nfd-theme-white wp-block-group is-layout-flow wp-block-group-is-layout-flow\">\n<div class=\"nfd-gap-2xl wp-block-columns is-layout-flex wp-container-core-columns-is-layout-28f84493 wp-block-columns-is-layout-flex\">\n<div class=\"wp-block-column is-vertically-aligned-center is-layout-flow wp-block-column-is-layout-flow\" style=\"flex-basis:25%\">\n<figure class=\"wp-block-image aligncenter size-full nfd-wb-animate nfd-wb-fade-in-left-short\"><a href=\"https:\/\/cut-solutions.com\/Consulting\/drahterodieren\/\"><img data-recalc-dims=\"1\" loading=\"lazy\" decoding=\"async\" width=\"463\" height=\"109\" src=\"https:\/\/i0.wp.com\/cut-solutions.com\/Consulting\/wp-content\/uploads\/2024\/09\/Excetek-logo-1.png?resize=463%2C109&#038;ssl=1\" alt=\"\" class=\"wp-image-223\" srcset=\"https:\/\/i0.wp.com\/cut-solutions.com\/Consulting\/wp-content\/uploads\/2024\/09\/Excetek-logo-1.png?w=463&amp;ssl=1 463w, https:\/\/i0.wp.com\/cut-solutions.com\/Consulting\/wp-content\/uploads\/2024\/09\/Excetek-logo-1.png?resize=300%2C71&amp;ssl=1 300w\" sizes=\"(max-width: 463px) 100vw, 463px\" \/><\/a><\/figure>\n<\/div>\n\n\n\n<div class=\"wp-block-column is-vertically-aligned-center is-layout-flow wp-block-column-is-layout-flow\" style=\"flex-basis:25%\">\n<figure class=\"wp-block-image aligncenter size-full nfd-wb-animate nfd-wb-fade-in-top-short\"><a href=\"https:\/\/cut-solutions.com\/Consulting\/startlocherodieren\/\"><img data-recalc-dims=\"1\" loading=\"lazy\" decoding=\"async\" width=\"353\" height=\"66\" src=\"https:\/\/i0.wp.com\/cut-solutions.com\/Consulting\/wp-content\/uploads\/2024\/09\/Castek-Logo-1.jpg?resize=353%2C66&#038;ssl=1\" alt=\"\" class=\"wp-image-182\" srcset=\"https:\/\/i0.wp.com\/cut-solutions.com\/Consulting\/wp-content\/uploads\/2024\/09\/Castek-Logo-1.jpg?w=353&amp;ssl=1 353w, https:\/\/i0.wp.com\/cut-solutions.com\/Consulting\/wp-content\/uploads\/2024\/09\/Castek-Logo-1.jpg?resize=300%2C56&amp;ssl=1 300w\" sizes=\"(max-width: 353px) 100vw, 353px\" \/><\/a><\/figure>\n<\/div>\n\n\n\n<div class=\"wp-block-column is-vertically-aligned-center is-layout-flow wp-block-column-is-layout-flow\" style=\"flex-basis:25%\">\n<figure class=\"wp-block-image aligncenter size-full nfd-wb-animate nfd-wb-fade-in-bottom\"><a href=\"https:\/\/cut-solutions.com\/Consulting\/senkerodieren\/\"><img data-recalc-dims=\"1\" loading=\"lazy\" decoding=\"async\" width=\"353\" height=\"250\" src=\"https:\/\/i0.wp.com\/cut-solutions.com\/Consulting\/wp-content\/uploads\/2024\/09\/Neu-ar_logo.jpg?resize=353%2C250&#038;ssl=1\" alt=\"\" class=\"wp-image-176\" srcset=\"https:\/\/i0.wp.com\/cut-solutions.com\/Consulting\/wp-content\/uploads\/2024\/09\/Neu-ar_logo.jpg?w=353&amp;ssl=1 353w, https:\/\/i0.wp.com\/cut-solutions.com\/Consulting\/wp-content\/uploads\/2024\/09\/Neu-ar_logo.jpg?resize=300%2C212&amp;ssl=1 300w\" sizes=\"(max-width: 353px) 100vw, 353px\" \/><\/a><\/figure>\n<\/div>\n\n\n\n<div class=\"wp-block-column is-vertically-aligned-center is-layout-flow wp-block-column-is-layout-flow\" style=\"flex-basis:25%\">\n<figure class=\"wp-block-image aligncenter size-full nfd-wb-animate nfd-wb-fade-in-right-short\"><a href=\"https:\/\/cut-solutions.com\/Consulting\/faserlaser\/\"><img data-recalc-dims=\"1\" loading=\"lazy\" decoding=\"async\" width=\"200\" height=\"100\" src=\"https:\/\/i0.wp.com\/cut-solutions.com\/Consulting\/wp-content\/uploads\/2024\/09\/Aore-logo-IMS-1.jpg?resize=200%2C100&#038;ssl=1\" alt=\"\" class=\"wp-image-189\"\/><\/a><\/figure>\n<\/div>\n<\/div>\n\n\n\n<p class=\"\"><\/p>\n<\/div>\n<\/div>\n<\/div>\n<\/div>\n","protected":false},"excerpt":{"rendered":"<p>\u00dcber uns Die Cut Solutions GmbH mit Sitz in M\u00f6nchengladbach ist der Exklusivpartner f\u00fcr den Vertrieb und den Support von Drahterodiermaschinen von\u00a0Excetek, Senkerodiermaschinen von Neuar, Startlocherodiermaschinen von Castek, Faserlaseranlagen und Laserschwei\u00dfger\u00e4ten von AORE Group. Profitieren Sie von unserer \u00fcber 40 j\u00e4hrigen Erfahrung in der Funkenerosion. Wir m\u00f6chten das Drahterodieren, Senkerodieren, Startlocherodieren, Wasserstrahlschneiden, Lasern und Schwei\u00dfen unseren Kunden n\u00e4her bringen, mit dem Ziel, selbst zu entscheiden, rechnet sich eine&nbsp; Anlage im eigenen Betrieb oder nehmen Sie lieber erstmal unsere Dienstleistungen in Anspruch.&nbsp;Unser weiteres Ziel ist es, anhand von Pilotprojekten in der Einzel- und Serienteilefertigung&nbsp; diese Technologien miteinander zu vergleichen, um so die Wirtschaftlichkeit der verschiedenen Fertigungsverfahren zu zeigen und Ihnen die passenden Maschinen zu einem wirtschaftlichen Preis anzubieten.&nbsp; Unsere Philosophie an unsere Kunden: Wir bieten h\u00f6chste Qualit\u00e4t zu einem erschwinglichen Preis! R\u00fccknahme der Anlage, wenn die zugesicherten Eigenschaften nicht gehalten werden k\u00f6nnen! 1. inkl. Transport zum Kunden 2. inkl. Aufstellung und Inbetriebnahme 3. inkl. Schulung 4. inkl. Vollausstattung der Anlage 5. inkl. Nachschulung 6. inkl. Gew\u00e4hrleistung! Kundendienst &amp; Service \ud83d\udd27 Wir legen gro\u00dfen Wert auf unseren kompetenten Kundendienst. Reaktionszeit Damit wir unseren Kunden auch im Notfall schnell und unkompliziert helfen k\u00f6nnen, garantieren wie eine 24 st\u00fcndige Reaktionsbereitschaft. Wartungsvertr\u00e4ge Neben unserer Gew\u00e4hrleistung bei Neu- und Gebrauchtmaschinen bieten wir auch Wartungsvertr\u00e4ge von 12 und 24 Monaten an. Erfahrung Unsere 40-j\u00e4hrige Erfahrung im Service von Drahterodiermaschinen geben wir gerne an unsere Kunden weiter. Unsere Kundenzufriedenheit und das in uns investierte Vertrauen best\u00e4tigt den von uns eingeschlagenen Weg. Gew\u00e4hrleistung Garantieverl\u00e4ngerung f\u00fcr unsere Excetek Neumaschinen von bis zu 5 Jahren und mehr sind ebenso m\u00f6glich.<\/p>\n","protected":false},"author":1,"featured_media":0,"parent":0,"menu_order":0,"comment_status":"closed","ping_status":"closed","template":"no-title","meta":{"nf_dc_page":"about","footnotes":""},"class_list":["post-12","page","type-page","status-publish","hentry"],"jetpack_sharing_enabled":true,"_links":{"self":[{"href":"https:\/\/cut-solutions.com\/Consulting\/wp-json\/wp\/v2\/pages\/12","targetHints":{"allow":["GET"]}}],"collection":[{"href":"https:\/\/cut-solutions.com\/Consulting\/wp-json\/wp\/v2\/pages"}],"about":[{"href":"https:\/\/cut-solutions.com\/Consulting\/wp-json\/wp\/v2\/types\/page"}],"author":[{"embeddable":true,"href":"https:\/\/cut-solutions.com\/Consulting\/wp-json\/wp\/v2\/users\/1"}],"replies":[{"embeddable":true,"href":"https:\/\/cut-solutions.com\/Consulting\/wp-json\/wp\/v2\/comments?post=12"}],"version-history":[{"count":5,"href":"https:\/\/cut-solutions.com\/Consulting\/wp-json\/wp\/v2\/pages\/12\/revisions"}],"predecessor-version":[{"id":467,"href":"https:\/\/cut-solutions.com\/Consulting\/wp-json\/wp\/v2\/pages\/12\/revisions\/467"}],"wp:attachment":[{"href":"https:\/\/cut-solutions.com\/Consulting\/wp-json\/wp\/v2\/media?parent=12"}],"curies":[{"name":"wp","href":"https:\/\/api.w.org\/{rel}","templated":true}]}}